{"id":227,"date":"2025-07-07T13:35:11","date_gmt":"2025-07-07T11:35:11","guid":{"rendered":"https:\/\/mokko.pl\/?page_id=227"},"modified":"2025-08-08T09:25:20","modified_gmt":"2025-08-08T07:25:20","slug":"onas","status":"publish","type":"page","link":"https:\/\/mokko.pl\/?page_id=227","title":{"rendered":"Onas"},"content":{"rendered":"<div class=\"\" style=\"\" >\n    \n    <section class=\"u-clearfix u-section-2\" id=\"block-1\">\n      <div class=\"u-clearfix u-sheet u-sheet-1\">\n        <p class=\"u-align-justify u-text u-text-default u-text-1\"><span style=\"font-weight: 700;\"> MOKKO \u2013 precyzyjna stolarka otworowa dopasowana do Twojej inwestycji&nbsp;<\/span>\n          <br>\n          <br>MOKKO to firma specjalizuj\u0105ca si\u0119 w sprzeda\u017cy i monta\u017cu wysokiej jako\u015bci stolarki okienno-drzwiowej. Jej fundamentem jest do\u015bwiadczenie i pasja Jacka Kotowskiego, eksperta z ponad 15-letnim sta\u017cem w bran\u017cy. Od 2008 roku zdobywa\u0142 do\u015bwiadczenie na placach bud\u00f3w \u2013 od niewielkich dom\u00f3w letniskowych po presti\u017cowe inwestycje wielorodzinne i komercyjne. Pracowa\u0142 w charakterze pomiarowca, koordynatora, szkoleniowca i doradcy handlowo - technicznego na terenie kraju i za granic\u0105.<br> Dzi\u0119ki temu zna ka\u017cdy etap procesu \u2013 od projektu, przez produkcj\u0119, a\u017c po monta\u017c i odbi\u00f3r inwestycji. Do dzi\u015b aktywnie uczestniczy w pracach budowlanych, wierz\u0105c, \u017ce bezpo\u015bredni kontakt z realizacj\u0105 to najlepsze \u017ar\u00f3d\u0142o wiedzy.\nIndywidualne podej\u015bcie i fachowe doradztwo\nMOKKO powsta\u0142o z my\u015bl\u0105 o Inwestorach, kt\u00f3rzy oczekuj\u0105 spersonalizowanych rozwi\u0105za\u0144 technicznych i estetycznych. Dzi\u0119ki szerokiej wiedzy o dost\u0119pnych systemach i mo\u017cliwo\u015bciach produkcyjnych, Jacek pomaga klientom dobra\u0107 rozwi\u0105zania:\nfunkcjonalne, trwa\u0142e i mo\u017cliwe do zrealizowania technicznie rozwi\u0105zania, kt\u00f3re s\u0105 zgodne z wizj\u0105 architekta i wymaganiami budowy. <br>\n          <br>Uwa\u017ca, \u017ce najwi\u0119cej uczymy si\u0119 z projekt\u00f3w nietypowych \u2013 dlatego MOKKO specjalizuje si\u0119 r\u00f3wnie\u017c w trudnych, niestandardowych realizacjach.<br>\n          <br>Nazwa firmy wywodzi si\u0119 z japo\u0144skiego s\u0142owa \u201emokk\u014d \u6728\u5de5\u201d, oznaczaj\u0105cego sztuk\u0119 stolarsk\u0105 \u2013 precyzyjne, rzemie\u015blnicze podej\u015bcie, kt\u00f3re s\u0142u\u017cy pokoleniom. To filozofia, kt\u00f3ra przy\u015bwieca ka\u017cdej realizacji MOKKO: staranno\u015b\u0107, trwa\u0142o\u015b\u0107 i szacunek do materia\u0142u.\nMOKKO to wi\u0119cej ni\u017c monta\u017c okien \u2013 to partnerstwo w Twojej inwestycji. Chcesz mie\u0107 pewno\u015b\u0107, \u017ce stolarka zostanie dobrana w\u0142a\u015bciwie od A do Z? Skontaktuj si\u0119 z nami \u2013 porozmawiajmy o Twoim projekcie.<br>\n          <br><span style=\"font-weight: 700;\">Z klientami spotykamy si\u0119 na budowie, tam wida\u0107 wszystko lepiej ni\u017c przy biurku.<\/span>\n          <br>\n          <br>\n        <\/p>\n      <\/div>\n    <\/section>\n    \n    \n    \n  \n<\/div>","protected":false},"excerpt":{"rendered":"<p>MOKKO \u2013 precyzyjna stolarka otworowa dopasowana do Twojej inwestycji&nbsp; MOKKO to firma specjalizuj\u0105ca si\u0119 w sprzeda\u017cy i monta\u017cu wysokiej jako\u015bci stolarki okienno-drzwiowej. Jej fundamentem jest do\u015bwiadczenie i pasja Jacka Kotowskiego, eksperta z ponad 15-letnim sta\u017cem w bran\u017cy. Od 2008 roku zdobywa\u0142 do\u015bwiadczenie na placach bud\u00f3w \u2013 od niewielkich dom\u00f3w letniskowych po presti\u017cowe inwestycje wielorodzinne i [&hellip;]<\/p>\n","protected":false},"author":1,"featured_media":0,"parent":0,"menu_order":0,"comment_status":"closed","ping_status":"closed","template":"","meta":{"footnotes":""},"class_list":["post-227","page","type-page","status-publish","hentry"],"yoast_head":"<!-- This site is optimized with the Yoast SEO plugin v25.2 - https:\/\/yoast.com\/wordpress\/plugins\/seo\/ -->\n<title>Onas - Mokko<\/title>\n<meta name=\"robots\" content=\"index, follow, max-snippet:-1, max-image-preview:large, max-video-preview:-1\" \/>\n<link rel=\"canonical\" href=\"https:\/\/mokko.pl\/?page_id=227\" \/>\n<meta property=\"og:locale\" content=\"pl_PL\" \/>\n<meta property=\"og:type\" content=\"article\" \/>\n<meta property=\"og:title\" content=\"Onas - Mokko\" \/>\n<meta property=\"og:description\" content=\"MOKKO \u2013 precyzyjna stolarka otworowa dopasowana do Twojej inwestycji&nbsp; MOKKO to firma specjalizuj\u0105ca si\u0119 w sprzeda\u017cy i monta\u017cu wysokiej jako\u015bci stolarki okienno-drzwiowej. Jej fundamentem jest do\u015bwiadczenie i pasja Jacka Kotowskiego, eksperta z ponad 15-letnim sta\u017cem w bran\u017cy. Od 2008 roku zdobywa\u0142 do\u015bwiadczenie na placach bud\u00f3w \u2013 od niewielkich dom\u00f3w letniskowych po presti\u017cowe inwestycje wielorodzinne i [&hellip;]\" \/>\n<meta property=\"og:url\" content=\"https:\/\/mokko.pl\/?page_id=227\" \/>\n<meta property=\"og:site_name\" content=\"Mokko\" \/>\n<meta property=\"article:modified_time\" content=\"2025-08-08T07:25:20+00:00\" \/>\n<meta name=\"twitter:card\" content=\"summary_large_image\" \/>\n<script type=\"application\/ld+json\" class=\"yoast-schema-graph\">{\"@context\":\"https:\/\/schema.org\",\"@graph\":[{\"@type\":\"WebPage\",\"@id\":\"https:\/\/mokko.pl\/?page_id=227\",\"url\":\"https:\/\/mokko.pl\/?page_id=227\",\"name\":\"Onas - Mokko\",\"isPartOf\":{\"@id\":\"https:\/\/mokko.pl\/#website\"},\"datePublished\":\"2025-07-07T11:35:11+00:00\",\"dateModified\":\"2025-08-08T07:25:20+00:00\",\"breadcrumb\":{\"@id\":\"https:\/\/mokko.pl\/?page_id=227#breadcrumb\"},\"inLanguage\":\"pl-PL\",\"potentialAction\":[{\"@type\":\"ReadAction\",\"target\":[\"https:\/\/mokko.pl\/?page_id=227\"]}]},{\"@type\":\"BreadcrumbList\",\"@id\":\"https:\/\/mokko.pl\/?page_id=227#breadcrumb\",\"itemListElement\":[{\"@type\":\"ListItem\",\"position\":1,\"name\":\"Home\",\"item\":\"https:\/\/mokko.pl\/\"},{\"@type\":\"ListItem\",\"position\":2,\"name\":\"Onas\"}]},{\"@type\":\"WebSite\",\"@id\":\"https:\/\/mokko.pl\/#website\",\"url\":\"https:\/\/mokko.pl\/\",\"name\":\"Mokko\",\"description\":\"\",\"publisher\":{\"@id\":\"https:\/\/mokko.pl\/#organization\"},\"potentialAction\":[{\"@type\":\"SearchAction\",\"target\":{\"@type\":\"EntryPoint\",\"urlTemplate\":\"https:\/\/mokko.pl\/?s={search_term_string}\"},\"query-input\":{\"@type\":\"PropertyValueSpecification\",\"valueRequired\":true,\"valueName\":\"search_term_string\"}}],\"inLanguage\":\"pl-PL\"},{\"@type\":\"Organization\",\"@id\":\"https:\/\/mokko.pl\/#organization\",\"name\":\"Mokko\",\"url\":\"https:\/\/mokko.pl\/\",\"logo\":{\"@type\":\"ImageObject\",\"inLanguage\":\"pl-PL\",\"@id\":\"https:\/\/mokko.pl\/#\/schema\/logo\/image\/\",\"url\":\"http:\/\/mokko.pl\/wp-content\/uploads\/2025\/07\/logomokko-5.png\",\"contentUrl\":\"http:\/\/mokko.pl\/wp-content\/uploads\/2025\/07\/logomokko-5.png\",\"width\":432,\"height\":122,\"caption\":\"Mokko\"},\"image\":{\"@id\":\"https:\/\/mokko.pl\/#\/schema\/logo\/image\/\"}}]}<\/script>\n<!-- \/ Yoast SEO plugin. -->","yoast_head_json":{"title":"Onas - Mokko","robots":{"index":"index","follow":"follow","max-snippet":"max-snippet:-1","max-image-preview":"max-image-preview:large","max-video-preview":"max-video-preview:-1"},"canonical":"https:\/\/mokko.pl\/?page_id=227","og_locale":"pl_PL","og_type":"article","og_title":"Onas - Mokko","og_description":"MOKKO \u2013 precyzyjna stolarka otworowa dopasowana do Twojej inwestycji&nbsp; MOKKO to firma specjalizuj\u0105ca si\u0119 w sprzeda\u017cy i monta\u017cu wysokiej jako\u015bci stolarki okienno-drzwiowej. Jej fundamentem jest do\u015bwiadczenie i pasja Jacka Kotowskiego, eksperta z ponad 15-letnim sta\u017cem w bran\u017cy. Od 2008 roku zdobywa\u0142 do\u015bwiadczenie na placach bud\u00f3w \u2013 od niewielkich dom\u00f3w letniskowych po presti\u017cowe inwestycje wielorodzinne i [&hellip;]","og_url":"https:\/\/mokko.pl\/?page_id=227","og_site_name":"Mokko","article_modified_time":"2025-08-08T07:25:20+00:00","twitter_card":"summary_large_image","schema":{"@context":"https:\/\/schema.org","@graph":[{"@type":"WebPage","@id":"https:\/\/mokko.pl\/?page_id=227","url":"https:\/\/mokko.pl\/?page_id=227","name":"Onas - Mokko","isPartOf":{"@id":"https:\/\/mokko.pl\/#website"},"datePublished":"2025-07-07T11:35:11+00:00","dateModified":"2025-08-08T07:25:20+00:00","breadcrumb":{"@id":"https:\/\/mokko.pl\/?page_id=227#breadcrumb"},"inLanguage":"pl-PL","potentialAction":[{"@type":"ReadAction","target":["https:\/\/mokko.pl\/?page_id=227"]}]},{"@type":"BreadcrumbList","@id":"https:\/\/mokko.pl\/?page_id=227#breadcrumb","itemListElement":[{"@type":"ListItem","position":1,"name":"Home","item":"https:\/\/mokko.pl\/"},{"@type":"ListItem","position":2,"name":"Onas"}]},{"@type":"WebSite","@id":"https:\/\/mokko.pl\/#website","url":"https:\/\/mokko.pl\/","name":"Mokko","description":"","publisher":{"@id":"https:\/\/mokko.pl\/#organization"},"potentialAction":[{"@type":"SearchAction","target":{"@type":"EntryPoint","urlTemplate":"https:\/\/mokko.pl\/?s={search_term_string}"},"query-input":{"@type":"PropertyValueSpecification","valueRequired":true,"valueName":"search_term_string"}}],"inLanguage":"pl-PL"},{"@type":"Organization","@id":"https:\/\/mokko.pl\/#organization","name":"Mokko","url":"https:\/\/mokko.pl\/","logo":{"@type":"ImageObject","inLanguage":"pl-PL","@id":"https:\/\/mokko.pl\/#\/schema\/logo\/image\/","url":"http:\/\/mokko.pl\/wp-content\/uploads\/2025\/07\/logomokko-5.png","contentUrl":"http:\/\/mokko.pl\/wp-content\/uploads\/2025\/07\/logomokko-5.png","width":432,"height":122,"caption":"Mokko"},"image":{"@id":"https:\/\/mokko.pl\/#\/schema\/logo\/image\/"}}]}},"_links":{"self":[{"href":"https:\/\/mokko.pl\/index.php?rest_route=\/wp\/v2\/pages\/227","targetHints":{"allow":["GET"]}}],"collection":[{"href":"https:\/\/mokko.pl\/index.php?rest_route=\/wp\/v2\/pages"}],"about":[{"href":"https:\/\/mokko.pl\/index.php?rest_route=\/wp\/v2\/types\/page"}],"author":[{"embeddable":true,"href":"https:\/\/mokko.pl\/index.php?rest_route=\/wp\/v2\/users\/1"}],"replies":[{"embeddable":true,"href":"https:\/\/mokko.pl\/index.php?rest_route=%2Fwp%2Fv2%2Fcomments&post=227"}],"version-history":[{"count":8,"href":"https:\/\/mokko.pl\/index.php?rest_route=\/wp\/v2\/pages\/227\/revisions"}],"predecessor-version":[{"id":672,"href":"https:\/\/mokko.pl\/index.php?rest_route=\/wp\/v2\/pages\/227\/revisions\/672"}],"wp:attachment":[{"href":"https:\/\/mokko.pl\/index.php?rest_route=%2Fwp%2Fv2%2Fmedia&parent=227"}],"curies":[{"name":"wp","href":"https:\/\/api.w.org\/{rel}","templated":true}]}}