{"id":229,"date":"2025-07-07T13:31:27","date_gmt":"2025-07-07T11:31:27","guid":{"rendered":"https:\/\/mokko.pl\/?page_id=229"},"modified":"2025-08-01T10:51:17","modified_gmt":"2025-08-01T08:51:17","slug":"kontakt","status":"publish","type":"page","link":"https:\/\/mokko.pl\/?page_id=229","title":{"rendered":"kontakt"},"content":{"rendered":"<div class=\"\" style=\"\" >\n    \n    <section class=\"u-clearfix u-container-align-center u-section-2\" id=\"sec-9472\">\n      <div class=\"u-clearfix u-sheet u-valign-top-lg u-valign-top-md u-valign-top-sm u-valign-top-xs u-sheet-1\">\n        <div class=\"data-layout-selected u-clearfix u-expanded-width u-gutter-30 u-layout-wrap u-layout-wrap-1\">\n          <div class=\"u-gutter-0 u-layout\">\n            <div class=\"u-layout-row\">\n              <div class=\"u-container-align-left u-container-style u-layout-cell u-size-28 u-layout-cell-1\">\n                <div class=\"u-container-layout u-container-layout-1\">\n                  <h3 class=\"u-align-left u-custom-font u-font-open-sans u-text u-text-default u-text-1\">Skontaktuj si\u0119 z nami<br>\n                  <\/h3>\n                  <p class=\"u-align-left u-custom-font u-font-open-sans u-text u-text-default u-text-2\">Wy\u015blij do nas wiadomo\u015b\u0107 z zapytaniem <br>\n                  <\/p>\n                  <div class=\"u-expanded-width u-form u-grey-5 u-radius-50 u-form-1\">\n                    <form action=\"https:\/\/forms.nicepagesrv.com\/v2\/form\/process\" class=\"u-clearfix u-form-spacing-20 u-form-vertical u-inner-form\" source=\"email\" name=\"form\" style=\"padding: 30px;\">\n                      <div class=\"u-form-group u-form-name u-form-partition-factor-2 u-form-group-1\">\n                        <label for=\"first-name-a8aa\" class=\"u-label\">Imi\u0119<\/label>\n                        <input type=\"text\" placeholder=\"Wpisz swoje Imi\u0119\" id=\"first-name-a8aa\" name=\"name-1\" class=\"u-border-none u-input u-input-rectangle u-radius u-input-1\" required=\"\">\n                      <\/div>\n                      <div class=\"u-form-group u-form-name u-form-partition-factor-2 u-form-group-2\">\n                        <label for=\"last-name-a8aa\" class=\"u-label\">Nazwisko<\/label>\n                        <input type=\"text\" placeholder=\"Wpisz swoje Nazwisko\" id=\"last-name-a8aa\" name=\"name-2\" class=\"u-border-none u-input u-input-rectangle u-radius u-input-2\" required=\"\">\n                      <\/div>\n                      <div class=\"u-form-email u-form-group\">\n                        <label for=\"email-b064\" class=\"u-label\">Email<\/label>\n                        <input type=\"email\" placeholder=\"Wpisz sw\u00f3j adres E-Mail\" id=\"email-b064\" name=\"email\" class=\"u-border-none u-input u-input-rectangle u-radius-20\" required=\"\">\n                      <\/div>\n                      <div class=\"u-form-group u-form-phone u-form-group-4\">\n                        <label for=\"phone-a162\" class=\"u-label\">Telefon<\/label>\n                        <input type=\"tel\" placeholder=\"Wprowad\u017a sw\u00f3j numer telefonu\" id=\"phone-a162\" name=\"phone\" class=\"u-border-none u-input u-input-rectangle u-radius u-input-4\" required=\"\" data-country-code=\"pl\">\n                      <\/div>\n                      <div class=\"u-form-group u-form-message\">\n                        <label for=\"message-b064\" class=\"u-label\">Wiadomo\u015b\u0107 <\/label>\n                        <textarea placeholder=\"Twoja wiadomo\u015b\u0107\" rows=\"4\" cols=\"50\" id=\"message-b064\" name=\"message\" class=\"u-border-none u-input u-input-rectangle u-radius-20\" required=\"\"><\/textarea>\n                      <\/div>\n                      <div class=\"u-align-left u-form-group u-form-submit\">\n                        <a href=\"#\" class=\"u-border-none u-btn u-btn-submit u-button-style u-palette-2-base u-radius-30 u-btn-1\">Wy\u015blij<\/a>\n                        <input type=\"submit\" value=\"submit\" class=\"u-form-control-hidden\">\n                      <\/div>\n                      <div class=\"u-form-send-message u-form-send-success\">Dzi\u0119kujemy! Twoja wiadomo\u015b\u0107 zosta\u0142a wys\u0142ana!<\/div>\n                      <div class=\"u-form-send-error u-form-send-message\">Przepraszamy, wiadomo\u015b\u0107 nie mog\u0142a zosta\u0107 wys\u0142ana. Popraw b\u0142\u0119dy i spr\u00f3buj ponownie.<\/div>\n                      <input type=\"hidden\" value=\"\" name=\"recaptchaResponse\">\n                      <input type=\"hidden\" name=\"formServices\" value=\"24fad540-8b39-6cd9-1754-5ac3264ebd88\">\n                      <input type=\"hidden\" name=\"siteKey\" value=\"6LdE1XorAAAAAPYXSWeyJmVKhPyFyNQFlWHZjXyx\">\n                    <\/form>\n                  <\/div>\n                <\/div>\n              <\/div>\n              <div class=\"u-container-style u-layout-cell u-size-32 u-layout-cell-2\">\n                <div class=\"u-container-layout u-valign-bottom u-container-layout-2\">\n                  <img decoding=\"async\" class=\"custom-expanded u-hidden-xs u-image u-image-round u-radius u-image-1\" src=\"https:\/\/mokko.pl\/wp-content\/uploads\/2025\/07\/digital-tablet-screen-with-smart-home-controller-wooden-table_53876-102347.jpg\" alt=\"\" data-image-width=\"1380\" data-image-height=\"920\">\n                <\/div>\n              <\/div>\n            <\/div>\n          <\/div>\n        <\/div>\n      <\/div>\n    <\/section>\n    \n    \n    \n  \n<\/div>","protected":false},"excerpt":{"rendered":"<p>Skontaktuj si\u0119 z nami Wy\u015blij do nas wiadomo\u015b\u0107 z zapytaniem Imi\u0119 Nazwisko Email Telefon Wiadomo\u015b\u0107 Wy\u015blij Dzi\u0119kujemy! Twoja wiadomo\u015b\u0107 zosta\u0142a wys\u0142ana! Przepraszamy, wiadomo\u015b\u0107 nie mog\u0142a zosta\u0107 wys\u0142ana. Popraw b\u0142\u0119dy i spr\u00f3buj ponownie.<\/p>\n","protected":false},"author":1,"featured_media":0,"parent":0,"menu_order":0,"comment_status":"closed","ping_status":"closed","template":"","meta":{"footnotes":""},"class_list":["post-229","page","type-page","status-publish","hentry"],"yoast_head":"<!-- This site is optimized with the Yoast SEO plugin v25.2 - https:\/\/yoast.com\/wordpress\/plugins\/seo\/ -->\n<title>kontakt - Mokko<\/title>\n<meta name=\"robots\" content=\"index, follow, max-snippet:-1, max-image-preview:large, max-video-preview:-1\" \/>\n<link rel=\"canonical\" href=\"https:\/\/mokko.pl\/?page_id=229\" \/>\n<meta property=\"og:locale\" content=\"pl_PL\" \/>\n<meta property=\"og:type\" content=\"article\" \/>\n<meta property=\"og:title\" content=\"kontakt - Mokko\" \/>\n<meta property=\"og:description\" content=\"Skontaktuj si\u0119 z nami Wy\u015blij do nas wiadomo\u015b\u0107 z zapytaniem Imi\u0119 Nazwisko Email Telefon Wiadomo\u015b\u0107 Wy\u015blij Dzi\u0119kujemy! Twoja wiadomo\u015b\u0107 zosta\u0142a wys\u0142ana! Przepraszamy, wiadomo\u015b\u0107 nie mog\u0142a zosta\u0107 wys\u0142ana. Popraw b\u0142\u0119dy i spr\u00f3buj ponownie.\" \/>\n<meta property=\"og:url\" content=\"https:\/\/mokko.pl\/?page_id=229\" \/>\n<meta property=\"og:site_name\" content=\"Mokko\" \/>\n<meta property=\"article:modified_time\" content=\"2025-08-01T08:51:17+00:00\" \/>\n<meta name=\"twitter:card\" content=\"summary_large_image\" \/>\n<script type=\"application\/ld+json\" class=\"yoast-schema-graph\">{\"@context\":\"https:\/\/schema.org\",\"@graph\":[{\"@type\":\"WebPage\",\"@id\":\"https:\/\/mokko.pl\/?page_id=229\",\"url\":\"https:\/\/mokko.pl\/?page_id=229\",\"name\":\"kontakt - Mokko\",\"isPartOf\":{\"@id\":\"https:\/\/mokko.pl\/#website\"},\"datePublished\":\"2025-07-07T11:31:27+00:00\",\"dateModified\":\"2025-08-01T08:51:17+00:00\",\"breadcrumb\":{\"@id\":\"https:\/\/mokko.pl\/?page_id=229#breadcrumb\"},\"inLanguage\":\"pl-PL\",\"potentialAction\":[{\"@type\":\"ReadAction\",\"target\":[\"https:\/\/mokko.pl\/?page_id=229\"]}]},{\"@type\":\"BreadcrumbList\",\"@id\":\"https:\/\/mokko.pl\/?page_id=229#breadcrumb\",\"itemListElement\":[{\"@type\":\"ListItem\",\"position\":1,\"name\":\"Home\",\"item\":\"https:\/\/mokko.pl\/\"},{\"@type\":\"ListItem\",\"position\":2,\"name\":\"kontakt\"}]},{\"@type\":\"WebSite\",\"@id\":\"https:\/\/mokko.pl\/#website\",\"url\":\"https:\/\/mokko.pl\/\",\"name\":\"Mokko\",\"description\":\"\",\"publisher\":{\"@id\":\"https:\/\/mokko.pl\/#organization\"},\"potentialAction\":[{\"@type\":\"SearchAction\",\"target\":{\"@type\":\"EntryPoint\",\"urlTemplate\":\"https:\/\/mokko.pl\/?s={search_term_string}\"},\"query-input\":{\"@type\":\"PropertyValueSpecification\",\"valueRequired\":true,\"valueName\":\"search_term_string\"}}],\"inLanguage\":\"pl-PL\"},{\"@type\":\"Organization\",\"@id\":\"https:\/\/mokko.pl\/#organization\",\"name\":\"Mokko\",\"url\":\"https:\/\/mokko.pl\/\",\"logo\":{\"@type\":\"ImageObject\",\"inLanguage\":\"pl-PL\",\"@id\":\"https:\/\/mokko.pl\/#\/schema\/logo\/image\/\",\"url\":\"http:\/\/mokko.pl\/wp-content\/uploads\/2025\/07\/logomokko-5.png\",\"contentUrl\":\"http:\/\/mokko.pl\/wp-content\/uploads\/2025\/07\/logomokko-5.png\",\"width\":432,\"height\":122,\"caption\":\"Mokko\"},\"image\":{\"@id\":\"https:\/\/mokko.pl\/#\/schema\/logo\/image\/\"}}]}<\/script>\n<!-- \/ Yoast SEO plugin. -->","yoast_head_json":{"title":"kontakt - Mokko","robots":{"index":"index","follow":"follow","max-snippet":"max-snippet:-1","max-image-preview":"max-image-preview:large","max-video-preview":"max-video-preview:-1"},"canonical":"https:\/\/mokko.pl\/?page_id=229","og_locale":"pl_PL","og_type":"article","og_title":"kontakt - Mokko","og_description":"Skontaktuj si\u0119 z nami Wy\u015blij do nas wiadomo\u015b\u0107 z zapytaniem Imi\u0119 Nazwisko Email Telefon Wiadomo\u015b\u0107 Wy\u015blij Dzi\u0119kujemy! Twoja wiadomo\u015b\u0107 zosta\u0142a wys\u0142ana! Przepraszamy, wiadomo\u015b\u0107 nie mog\u0142a zosta\u0107 wys\u0142ana. Popraw b\u0142\u0119dy i spr\u00f3buj ponownie.","og_url":"https:\/\/mokko.pl\/?page_id=229","og_site_name":"Mokko","article_modified_time":"2025-08-01T08:51:17+00:00","twitter_card":"summary_large_image","schema":{"@context":"https:\/\/schema.org","@graph":[{"@type":"WebPage","@id":"https:\/\/mokko.pl\/?page_id=229","url":"https:\/\/mokko.pl\/?page_id=229","name":"kontakt - Mokko","isPartOf":{"@id":"https:\/\/mokko.pl\/#website"},"datePublished":"2025-07-07T11:31:27+00:00","dateModified":"2025-08-01T08:51:17+00:00","breadcrumb":{"@id":"https:\/\/mokko.pl\/?page_id=229#breadcrumb"},"inLanguage":"pl-PL","potentialAction":[{"@type":"ReadAction","target":["https:\/\/mokko.pl\/?page_id=229"]}]},{"@type":"BreadcrumbList","@id":"https:\/\/mokko.pl\/?page_id=229#breadcrumb","itemListElement":[{"@type":"ListItem","position":1,"name":"Home","item":"https:\/\/mokko.pl\/"},{"@type":"ListItem","position":2,"name":"kontakt"}]},{"@type":"WebSite","@id":"https:\/\/mokko.pl\/#website","url":"https:\/\/mokko.pl\/","name":"Mokko","description":"","publisher":{"@id":"https:\/\/mokko.pl\/#organization"},"potentialAction":[{"@type":"SearchAction","target":{"@type":"EntryPoint","urlTemplate":"https:\/\/mokko.pl\/?s={search_term_string}"},"query-input":{"@type":"PropertyValueSpecification","valueRequired":true,"valueName":"search_term_string"}}],"inLanguage":"pl-PL"},{"@type":"Organization","@id":"https:\/\/mokko.pl\/#organization","name":"Mokko","url":"https:\/\/mokko.pl\/","logo":{"@type":"ImageObject","inLanguage":"pl-PL","@id":"https:\/\/mokko.pl\/#\/schema\/logo\/image\/","url":"http:\/\/mokko.pl\/wp-content\/uploads\/2025\/07\/logomokko-5.png","contentUrl":"http:\/\/mokko.pl\/wp-content\/uploads\/2025\/07\/logomokko-5.png","width":432,"height":122,"caption":"Mokko"},"image":{"@id":"https:\/\/mokko.pl\/#\/schema\/logo\/image\/"}}]}},"_links":{"self":[{"href":"https:\/\/mokko.pl\/index.php?rest_route=\/wp\/v2\/pages\/229","targetHints":{"allow":["GET"]}}],"collection":[{"href":"https:\/\/mokko.pl\/index.php?rest_route=\/wp\/v2\/pages"}],"about":[{"href":"https:\/\/mokko.pl\/index.php?rest_route=\/wp\/v2\/types\/page"}],"author":[{"embeddable":true,"href":"https:\/\/mokko.pl\/index.php?rest_route=\/wp\/v2\/users\/1"}],"replies":[{"embeddable":true,"href":"https:\/\/mokko.pl\/index.php?rest_route=%2Fwp%2Fv2%2Fcomments&post=229"}],"version-history":[{"count":3,"href":"https:\/\/mokko.pl\/index.php?rest_route=\/wp\/v2\/pages\/229\/revisions"}],"predecessor-version":[{"id":581,"href":"https:\/\/mokko.pl\/index.php?rest_route=\/wp\/v2\/pages\/229\/revisions\/581"}],"wp:attachment":[{"href":"https:\/\/mokko.pl\/index.php?rest_route=%2Fwp%2Fv2%2Fmedia&parent=229"}],"curies":[{"name":"wp","href":"https:\/\/api.w.org\/{rel}","templated":true}]}}