{"id":231,"date":"2025-07-07T13:31:09","date_gmt":"2025-07-07T11:31:09","guid":{"rendered":"https:\/\/mokko.pl\/?page_id=231"},"modified":"2025-08-08T10:32:32","modified_gmt":"2025-08-08T08:32:32","slug":"kommerling88md","status":"publish","type":"page","link":"https:\/\/mokko.pl\/?page_id=231","title":{"rendered":"KOMMERLING88MD"},"content":{"rendered":"<div class=\"\" style=\"\" >\n    \n    <section class=\"u-clearfix u-section-2\" id=\"block-1\">\n      <div class=\"u-clearfix u-sheet u-valign-middle-xs u-sheet-1\">\n        <div class=\"u-carousel u-expanded-width-xs u-gallery u-layout-carousel u-lightbox u-no-transition u-show-text-always u-gallery-1\" data-interval=\"5000\" data-u-ride=\"carousel\" id=\"carousel-a83e\">\n          <ol class=\"u-absolute-hcenter u-carousel-indicators u-carousel-indicators-1\">\n            <li data-u-target=\"#carousel-a83e\" data-u-slide-to=\"0\" class=\"u-active u-grey-70 u-shape-circle\" style=\"width: 10px; height: 10px;\"><\/li>\n            <li data-u-target=\"#carousel-a83e\" data-u-slide-to=\"1\" class=\"u-grey-70 u-shape-circle\" style=\"width: 10px; height: 10px;\"><\/li>\n            <li data-u-target=\"#carousel-a83e\" data-u-slide-to=\"2\" class=\"u-grey-70 u-shape-circle\" style=\"width: 10px; height: 10px;\"><\/li>\n          <\/ol>\n          <div class=\"u-carousel-inner u-gallery-inner u-gallery-inner-1\" role=\"listbox\">\n            <div class=\"u-active u-carousel-item u-gallery-item u-carousel-item-1\">\n              <div class=\"u-back-slide\" data-image-width=\"500\" data-image-height=\"500\">\n                <img decoding=\"async\" class=\"u-back-image u-expanded u-image-contain\" src=\"https:\/\/mokko.pl\/wp-content\/uploads\/2025\/07\/Kommerling88MDantracyt.jpg\">\n              <\/div>\n              <div class=\"u-over-slide u-over-slide-1\">\n                <h3 class=\"u-gallery-heading\">K\u00f6mmerling 88 MD<\/h3>\n                <p class=\"u-gallery-text\" style=\"margin-top: 0px;\">Wersja standard, \u015brodkowa uszczelka, kolor antracyt<\/p>\n              <\/div>\n            <\/div>\n            <div class=\"u-carousel-item u-gallery-item u-carousel-item-2\" data-image-width=\"700\" data-image-height=\"700\">\n              <div class=\"u-back-slide\">\n                <img decoding=\"async\" class=\"u-back-image u-expanded u-image-contain\" src=\"https:\/\/mokko.pl\/wp-content\/uploads\/2025\/07\/System-88-MD-zldab.jpg\" alt=\"K\u00f6mmerling 88 MD\">\n              <\/div>\n              <div class=\"u-over-slide u-over-slide-2\">\n                <h3 class=\"u-gallery-heading\">K\u00f6mmerling 88 MD<\/h3>\n                <p class=\"u-gallery-text\" style=\"margin-top: 0px;\">Wersja standard, \u015brodkowa uszczelka, kolor z\u0142oty d\u0105b<\/p>\n              <\/div>\n              <style data-mode=\"XL\"><\/style>\n              <style data-mode=\"LG\"><\/style>\n              <style data-mode=\"MD\"><\/style>\n              <style data-mode=\"SM\"><\/style>\n              <style data-mode=\"XS\" data-visited=\"true\"><\/style>\n            <\/div>\n            <div class=\"u-carousel-item u-gallery-item u-carousel-item-3\">\n              <div class=\"u-back-slide\" data-image-width=\"700\" data-image-height=\"700\">\n                <img decoding=\"async\" class=\"u-back-image u-expanded u-image-contain\" src=\"https:\/\/mokko.pl\/wp-content\/uploads\/2025\/07\/Kommerling88Aluclip.jpg\">\n              <\/div>\n              <div class=\"u-over-slide u-over-slide-3\">\n                <h3 class=\"u-gallery-heading\">K\u00f6mmerling 88 MD Aluclip<\/h3>\n                <p class=\"u-gallery-text\" style=\"margin-top: 0px;\">Profil PCV z nak\u0142adk\u0105 aluminiow\u0105<\/p>\n              <\/div>\n            <\/div>\n          <\/div>\n          <a class=\"u-absolute-vcenter u-carousel-control u-carousel-control-prev u-grey-70 u-icon-circle u-opacity u-opacity-70 u-spacing-10 u-text-white u-carousel-control-1\" href=\"#carousel-a83e\" role=\"button\" data-u-slide=\"prev\"><span aria-hidden=\"true\">\n              <svg viewBox=\"0 0 451.847 451.847\"><path d=\"M97.141,225.92c0-8.095,3.091-16.192,9.259-22.366L300.689,9.27c12.359-12.359,32.397-12.359,44.751,0\nc12.354,12.354,12.354,32.388,0,44.748L173.525,225.92l171.903,171.909c12.354,12.354,12.354,32.391,0,44.744\nc-12.354,12.365-32.386,12.365-44.745,0l-194.29-194.281C100.226,242.115,97.141,234.018,97.141,225.92z\"><\/path><\/svg><\/span><span class=\"sr-only\">\n              <svg viewBox=\"0 0 451.847 451.847\"><path d=\"M97.141,225.92c0-8.095,3.091-16.192,9.259-22.366L300.689,9.27c12.359-12.359,32.397-12.359,44.751,0\nc12.354,12.354,12.354,32.388,0,44.748L173.525,225.92l171.903,171.909c12.354,12.354,12.354,32.391,0,44.744\nc-12.354,12.365-32.386,12.365-44.745,0l-194.29-194.281C100.226,242.115,97.141,234.018,97.141,225.92z\"><\/path><\/svg><\/span>\n          <\/a>\n          <a class=\"u-absolute-vcenter u-carousel-control u-carousel-control-next u-grey-70 u-icon-circle u-opacity u-opacity-70 u-spacing-10 u-text-white u-carousel-control-2\" href=\"#carousel-a83e\" role=\"button\" data-u-slide=\"next\"><span aria-hidden=\"true\">\n              <svg viewBox=\"0 0 451.846 451.847\"><path d=\"M345.441,248.292L151.154,442.573c-12.359,12.365-32.397,12.365-44.75,0c-12.354-12.354-12.354-32.391,0-44.744\nL278.318,225.92L106.409,54.017c-12.354-12.359-12.354-32.394,0-44.748c12.354-12.359,32.391-12.359,44.75,0l194.287,194.284\nc6.177,6.18,9.262,14.271,9.262,22.366C354.708,234.018,351.617,242.115,345.441,248.292z\"><\/path><\/svg><\/span><span class=\"sr-only\">\n              <svg viewBox=\"0 0 451.846 451.847\"><path d=\"M345.441,248.292L151.154,442.573c-12.359,12.365-32.397,12.365-44.75,0c-12.354-12.354-12.354-32.391,0-44.744\nL278.318,225.92L106.409,54.017c-12.354-12.359-12.354-32.394,0-44.748c12.354-12.359,32.391-12.359,44.75,0l194.287,194.284\nc6.177,6.18,9.262,14.271,9.262,22.366C354.708,234.018,351.617,242.115,345.441,248.292z\"><\/path><\/svg><\/span>\n          <\/a>\n        <\/div>\n        <p class=\"u-text u-text-1\"><span style=\"font-weight: 700;\"> Okna dla Inwestor\u00f3w, kt\u00f3rzy my\u015bl\u0105 kosztem a nie cen\u0105<\/span>\n          <br>\n          <br>Je\u015bli budujesz dom i szukasz okien, kt\u00f3re zapewni\u0105 najwy\u017csz\u0105\n\t\tjako\u015b\u0107, trwa\u0142o\u015b\u0107 i doskona\u0142\u0105 izolacj\u0119 termiczn\u0105 \u2013 poznaj\n\t\tsystem <span style=\"font-weight: 700;\">K\u00f6mmerling 88 MD<\/span>. To zaawansowany\n\t\ttechnologicznie, 7-komorowy profil z uszczelk\u0105 \u015brodkow\u0105,\n\t\tstworzony z my\u015bl\u0105 o domach energooszcz\u0119dnych i pasywnych. Dzi\u0119ki\n\t\tprzemy\u015blanej konstrukcji oraz solidnym stalowym wzmocnieniom, <span style=\"font-weight: 700;\">K\u00f6mmerling 88 MD<\/span> zapewnia wysok\u0105 sztywno\u015b\u0107 skrzyde\u0142 i ich\n\t\tbezawaryjne dzia\u0142anie przez wiele lat.<br> System umo\u017cliwia monta\u017c szyb o grubo\u015bci a\u017c do 56 mm, co\nprzek\u0142ada si\u0119 na jeszcze lepsz\u0105 izolacj\u0119 ciepln\u0105 i akustyczn\u0105 \u2013\nidealne rozwi\u0105zanie do nowoczesnych projekt\u00f3w budowlanych.&nbsp;<br>\n          <br><span style=\"font-weight: 700;\">Energooszcz\u0119dno\u015b\u0107 i styl \u2013 wybierz K\u00f6mmerling 88 MD\nAluClip&nbsp;<\/span>\n          <br>\n          <br>W wersji K\u00f6mmerling 88 MD AluClip z aluminiow\u0105\nnak\u0142adk\u0105 zyskujesz jeszcze wi\u0119cej \u2013 po\u0142\u0105czenie nowoczesnego\nwygl\u0105du aluminium dost\u0119pnego w niemal dowolnym kolorze z\nwyj\u0105tkowymi parametrami izolacyjnymi profili PVC. Z zewn\u0105trz \u2013\nelegancki, nowoczesny wygl\u0105d aluminium, wewn\u0105trz \u2013 przyjemna,\nciep\u0142a biel tworzywa sztucznego.&nbsp;<br>\n          <br>System spe\u0142nia wymogi dom\u00f3w pasywnych zgodnie z wytycznymi <span style=\"font-weight: 700;\">ift-Richtlinie WA-15\/2<\/span>, co czyni go doskona\u0142ym\nwyborem dla inwestor\u00f3w, kt\u00f3rzy szukaj\u0105 <span style=\"font-weight: 700;\">energooszcz\u0119dnych<\/span> i\nestetycznych rozwi\u0105za\u0144 w rozs\u0105dnej cenie.&nbsp;\n        <\/p>\n      <\/div>\n    <\/section>\n    \n    \n    \n  \n<\/div>","protected":false},"excerpt":{"rendered":"<p>K\u00f6mmerling 88 MD Wersja standard, \u015brodkowa uszczelka, kolor antracyt K\u00f6mmerling 88 MD Wersja standard, \u015brodkowa uszczelka, kolor z\u0142oty d\u0105b K\u00f6mmerling 88 MD Aluclip Profil PCV z nak\u0142adk\u0105 aluminiow\u0105 Okna dla Inwestor\u00f3w, kt\u00f3rzy my\u015bl\u0105 kosztem a nie cen\u0105 Je\u015bli budujesz dom i szukasz okien, kt\u00f3re zapewni\u0105 najwy\u017csz\u0105 jako\u015b\u0107, trwa\u0142o\u015b\u0107 i doskona\u0142\u0105 izolacj\u0119 termiczn\u0105 \u2013 poznaj system [&hellip;]<\/p>\n","protected":false},"author":1,"featured_media":0,"parent":0,"menu_order":0,"comment_status":"closed","ping_status":"closed","template":"","meta":{"footnotes":""},"class_list":["post-231","page","type-page","status-publish","hentry"],"yoast_head":"<!-- This site is optimized with the Yoast SEO plugin v25.2 - https:\/\/yoast.com\/wordpress\/plugins\/seo\/ -->\n<title>KOMMERLING88MD - Mokko<\/title>\n<meta name=\"robots\" content=\"index, follow, max-snippet:-1, max-image-preview:large, max-video-preview:-1\" \/>\n<link rel=\"canonical\" href=\"https:\/\/mokko.pl\/?page_id=231\" \/>\n<meta property=\"og:locale\" content=\"pl_PL\" \/>\n<meta property=\"og:type\" content=\"article\" \/>\n<meta property=\"og:title\" content=\"KOMMERLING88MD - Mokko\" \/>\n<meta property=\"og:description\" content=\"K\u00f6mmerling 88 MD Wersja standard, \u015brodkowa uszczelka, kolor antracyt K\u00f6mmerling 88 MD Wersja standard, \u015brodkowa uszczelka, kolor z\u0142oty d\u0105b K\u00f6mmerling 88 MD Aluclip Profil PCV z nak\u0142adk\u0105 aluminiow\u0105 Okna dla Inwestor\u00f3w, kt\u00f3rzy my\u015bl\u0105 kosztem a nie cen\u0105 Je\u015bli budujesz dom i szukasz okien, kt\u00f3re zapewni\u0105 najwy\u017csz\u0105 jako\u015b\u0107, trwa\u0142o\u015b\u0107 i doskona\u0142\u0105 izolacj\u0119 termiczn\u0105 \u2013 poznaj system [&hellip;]\" \/>\n<meta property=\"og:url\" content=\"https:\/\/mokko.pl\/?page_id=231\" \/>\n<meta property=\"og:site_name\" content=\"Mokko\" \/>\n<meta property=\"article:modified_time\" content=\"2025-08-08T08:32:32+00:00\" \/>\n<meta name=\"twitter:card\" content=\"summary_large_image\" \/>\n<meta name=\"twitter:label1\" content=\"Szacowany czas czytania\" \/>\n\t<meta name=\"twitter:data1\" content=\"1 minuta\" \/>\n<script type=\"application\/ld+json\" class=\"yoast-schema-graph\">{\"@context\":\"https:\/\/schema.org\",\"@graph\":[{\"@type\":\"WebPage\",\"@id\":\"https:\/\/mokko.pl\/?page_id=231\",\"url\":\"https:\/\/mokko.pl\/?page_id=231\",\"name\":\"KOMMERLING88MD - Mokko\",\"isPartOf\":{\"@id\":\"https:\/\/mokko.pl\/#website\"},\"datePublished\":\"2025-07-07T11:31:09+00:00\",\"dateModified\":\"2025-08-08T08:32:32+00:00\",\"breadcrumb\":{\"@id\":\"https:\/\/mokko.pl\/?page_id=231#breadcrumb\"},\"inLanguage\":\"pl-PL\",\"potentialAction\":[{\"@type\":\"ReadAction\",\"target\":[\"https:\/\/mokko.pl\/?page_id=231\"]}]},{\"@type\":\"BreadcrumbList\",\"@id\":\"https:\/\/mokko.pl\/?page_id=231#breadcrumb\",\"itemListElement\":[{\"@type\":\"ListItem\",\"position\":1,\"name\":\"Home\",\"item\":\"https:\/\/mokko.pl\/\"},{\"@type\":\"ListItem\",\"position\":2,\"name\":\"KOMMERLING88MD\"}]},{\"@type\":\"WebSite\",\"@id\":\"https:\/\/mokko.pl\/#website\",\"url\":\"https:\/\/mokko.pl\/\",\"name\":\"Mokko\",\"description\":\"\",\"publisher\":{\"@id\":\"https:\/\/mokko.pl\/#organization\"},\"potentialAction\":[{\"@type\":\"SearchAction\",\"target\":{\"@type\":\"EntryPoint\",\"urlTemplate\":\"https:\/\/mokko.pl\/?s={search_term_string}\"},\"query-input\":{\"@type\":\"PropertyValueSpecification\",\"valueRequired\":true,\"valueName\":\"search_term_string\"}}],\"inLanguage\":\"pl-PL\"},{\"@type\":\"Organization\",\"@id\":\"https:\/\/mokko.pl\/#organization\",\"name\":\"Mokko\",\"url\":\"https:\/\/mokko.pl\/\",\"logo\":{\"@type\":\"ImageObject\",\"inLanguage\":\"pl-PL\",\"@id\":\"https:\/\/mokko.pl\/#\/schema\/logo\/image\/\",\"url\":\"http:\/\/mokko.pl\/wp-content\/uploads\/2025\/07\/logomokko-5.png\",\"contentUrl\":\"http:\/\/mokko.pl\/wp-content\/uploads\/2025\/07\/logomokko-5.png\",\"width\":432,\"height\":122,\"caption\":\"Mokko\"},\"image\":{\"@id\":\"https:\/\/mokko.pl\/#\/schema\/logo\/image\/\"}}]}<\/script>\n<!-- \/ Yoast SEO plugin. -->","yoast_head_json":{"title":"KOMMERLING88MD - Mokko","robots":{"index":"index","follow":"follow","max-snippet":"max-snippet:-1","max-image-preview":"max-image-preview:large","max-video-preview":"max-video-preview:-1"},"canonical":"https:\/\/mokko.pl\/?page_id=231","og_locale":"pl_PL","og_type":"article","og_title":"KOMMERLING88MD - Mokko","og_description":"K\u00f6mmerling 88 MD Wersja standard, \u015brodkowa uszczelka, kolor antracyt K\u00f6mmerling 88 MD Wersja standard, \u015brodkowa uszczelka, kolor z\u0142oty d\u0105b K\u00f6mmerling 88 MD Aluclip Profil PCV z nak\u0142adk\u0105 aluminiow\u0105 Okna dla Inwestor\u00f3w, kt\u00f3rzy my\u015bl\u0105 kosztem a nie cen\u0105 Je\u015bli budujesz dom i szukasz okien, kt\u00f3re zapewni\u0105 najwy\u017csz\u0105 jako\u015b\u0107, trwa\u0142o\u015b\u0107 i doskona\u0142\u0105 izolacj\u0119 termiczn\u0105 \u2013 poznaj system [&hellip;]","og_url":"https:\/\/mokko.pl\/?page_id=231","og_site_name":"Mokko","article_modified_time":"2025-08-08T08:32:32+00:00","twitter_card":"summary_large_image","twitter_misc":{"Szacowany czas czytania":"1 minuta"},"schema":{"@context":"https:\/\/schema.org","@graph":[{"@type":"WebPage","@id":"https:\/\/mokko.pl\/?page_id=231","url":"https:\/\/mokko.pl\/?page_id=231","name":"KOMMERLING88MD - Mokko","isPartOf":{"@id":"https:\/\/mokko.pl\/#website"},"datePublished":"2025-07-07T11:31:09+00:00","dateModified":"2025-08-08T08:32:32+00:00","breadcrumb":{"@id":"https:\/\/mokko.pl\/?page_id=231#breadcrumb"},"inLanguage":"pl-PL","potentialAction":[{"@type":"ReadAction","target":["https:\/\/mokko.pl\/?page_id=231"]}]},{"@type":"BreadcrumbList","@id":"https:\/\/mokko.pl\/?page_id=231#breadcrumb","itemListElement":[{"@type":"ListItem","position":1,"name":"Home","item":"https:\/\/mokko.pl\/"},{"@type":"ListItem","position":2,"name":"KOMMERLING88MD"}]},{"@type":"WebSite","@id":"https:\/\/mokko.pl\/#website","url":"https:\/\/mokko.pl\/","name":"Mokko","description":"","publisher":{"@id":"https:\/\/mokko.pl\/#organization"},"potentialAction":[{"@type":"SearchAction","target":{"@type":"EntryPoint","urlTemplate":"https:\/\/mokko.pl\/?s={search_term_string}"},"query-input":{"@type":"PropertyValueSpecification","valueRequired":true,"valueName":"search_term_string"}}],"inLanguage":"pl-PL"},{"@type":"Organization","@id":"https:\/\/mokko.pl\/#organization","name":"Mokko","url":"https:\/\/mokko.pl\/","logo":{"@type":"ImageObject","inLanguage":"pl-PL","@id":"https:\/\/mokko.pl\/#\/schema\/logo\/image\/","url":"http:\/\/mokko.pl\/wp-content\/uploads\/2025\/07\/logomokko-5.png","contentUrl":"http:\/\/mokko.pl\/wp-content\/uploads\/2025\/07\/logomokko-5.png","width":432,"height":122,"caption":"Mokko"},"image":{"@id":"https:\/\/mokko.pl\/#\/schema\/logo\/image\/"}}]}},"_links":{"self":[{"href":"https:\/\/mokko.pl\/index.php?rest_route=\/wp\/v2\/pages\/231","targetHints":{"allow":["GET"]}}],"collection":[{"href":"https:\/\/mokko.pl\/index.php?rest_route=\/wp\/v2\/pages"}],"about":[{"href":"https:\/\/mokko.pl\/index.php?rest_route=\/wp\/v2\/types\/page"}],"author":[{"embeddable":true,"href":"https:\/\/mokko.pl\/index.php?rest_route=\/wp\/v2\/users\/1"}],"replies":[{"embeddable":true,"href":"https:\/\/mokko.pl\/index.php?rest_route=%2Fwp%2Fv2%2Fcomments&post=231"}],"version-history":[{"count":3,"href":"https:\/\/mokko.pl\/index.php?rest_route=\/wp\/v2\/pages\/231\/revisions"}],"predecessor-version":[{"id":377,"href":"https:\/\/mokko.pl\/index.php?rest_route=\/wp\/v2\/pages\/231\/revisions\/377"}],"wp:attachment":[{"href":"https:\/\/mokko.pl\/index.php?rest_route=%2Fwp%2Fv2%2Fmedia&parent=231"}],"curies":[{"name":"wp","href":"https:\/\/api.w.org\/{rel}","templated":true}]}}