{"id":235,"date":"2025-07-07T13:30:56","date_gmt":"2025-07-07T11:30:56","guid":{"rendered":"https:\/\/mokko.pl\/?page_id=235"},"modified":"2025-08-08T10:01:06","modified_gmt":"2025-08-08T08:01:06","slug":"hspremidoor76lux","status":"publish","type":"page","link":"https:\/\/mokko.pl\/?page_id=235","title":{"rendered":"VEKASOFTLINE82"},"content":{"rendered":"<div class=\"\" style=\"\" >\n    \n    <section class=\"u-clearfix u-section-2\" id=\"block-1\">\n      <div class=\"u-clearfix u-sheet u-valign-middle-xs u-sheet-1\">\n        <div class=\"u-carousel u-expanded-width u-gallery u-layout-carousel u-lightbox u-no-transition u-show-text-always u-gallery-1\" data-interval=\"5000\" data-u-ride=\"carousel\" id=\"carousel-45c0\">\n          <ol class=\"u-absolute-hcenter u-carousel-indicators u-carousel-indicators-1\">\n            <li data-u-target=\"#carousel-45c0\" data-u-slide-to=\"0\" class=\"u-active u-grey-70 u-shape-circle\" style=\"width: 10px; height: 10px;\"><\/li>\n            <li data-u-target=\"#carousel-45c0\" data-u-slide-to=\"1\" class=\"u-grey-70 u-shape-circle\" style=\"width: 10px; height: 10px;\"><\/li>\n            <li data-u-target=\"#carousel-45c0\" data-u-slide-to=\"2\" class=\"u-grey-70 u-shape-circle\" style=\"width: 10px; height: 10px;\"><\/li>\n          <\/ol>\n          <div class=\"u-carousel-inner u-gallery-inner u-gallery-inner-1\" role=\"listbox\">\n            <div class=\"u-active u-carousel-item u-gallery-item u-carousel-item-1\">\n              <div class=\"u-back-slide\" data-image-width=\"1080\" data-image-height=\"975\">\n                <img decoding=\"async\" class=\"u-back-image u-expanded u-image-contain\" src=\"https:\/\/mokko.pl\/wp-content\/uploads\/2025\/07\/softline_82_md.jpg\">\n              <\/div>\n              <div class=\"u-over-slide u-over-slide-1\">\n                <h3 class=\"u-gallery-heading\">VEKA Softline 82<\/h3>\n                <p class=\"u-gallery-text\">7 kom\u00f3r w ramie, 6 kom\u00f3r w skrzydle<\/p>\n              <\/div>\n            <\/div>\n            <div class=\"u-carousel-item u-gallery-item u-carousel-item-2\">\n              <div class=\"u-back-slide\" data-image-width=\"260\" data-image-height=\"260\">\n                <img decoding=\"async\" class=\"u-back-image u-expanded u-image-contain\" src=\"https:\/\/mokko.pl\/wp-content\/uploads\/2025\/07\/vekamotion82.jpg\">\n              <\/div>\n              <div class=\"u-over-slide u-over-slide-2\">\n                <h3 class=\"u-gallery-heading\">Vekamotion 82<\/h3>\n                <p class=\"u-gallery-text\">Wersja standardowa, niski pr\u00f3g<\/p>\n              <\/div>\n            <\/div>\n            <div class=\"u-carousel-item u-gallery-item u-carousel-item-3\" data-image-width=\"1080\" data-image-height=\"975\">\n              <div class=\"u-back-slide\">\n                <img decoding=\"async\" class=\"u-back-image u-expanded u-image-contain\" src=\"https:\/\/mokko.pl\/wp-content\/uploads\/2025\/07\/vekamotion_82_max.jpg\" alt=\"Vekamotion 82 MAX\">\n              <\/div>\n              <div class=\"u-over-slide u-over-slide-3\">\n                <h3 class=\"u-gallery-heading\">Vekamotion 82 MAX<\/h3>\n                <p class=\"u-gallery-text\">Szklenie w ramie, wi\u0119cej \u015bwiat\u0142a, wi\u0119cej ciep\u0142a<\/p>\n              <\/div>\n              <style data-mode=\"XL\"><\/style>\n              <style data-mode=\"LG\"><\/style>\n              <style data-mode=\"MD\"><\/style>\n              <style data-mode=\"SM\"><\/style>\n              <style data-mode=\"XS\" data-visited=\"true\"><\/style>\n            <\/div>\n          <\/div>\n          <a class=\"u-absolute-vcenter u-carousel-control u-carousel-control-prev u-grey-70 u-icon-circle u-opacity u-opacity-70 u-spacing-10 u-text-white u-carousel-control-1\" href=\"#carousel-45c0\" role=\"button\" data-u-slide=\"prev\"><span aria-hidden=\"true\">\n              <svg viewBox=\"0 0 451.847 451.847\"><path d=\"M97.141,225.92c0-8.095,3.091-16.192,9.259-22.366L300.689,9.27c12.359-12.359,32.397-12.359,44.751,0\nc12.354,12.354,12.354,32.388,0,44.748L173.525,225.92l171.903,171.909c12.354,12.354,12.354,32.391,0,44.744\nc-12.354,12.365-32.386,12.365-44.745,0l-194.29-194.281C100.226,242.115,97.141,234.018,97.141,225.92z\"><\/path><\/svg><\/span><span class=\"sr-only\">\n              <svg viewBox=\"0 0 451.847 451.847\"><path d=\"M97.141,225.92c0-8.095,3.091-16.192,9.259-22.366L300.689,9.27c12.359-12.359,32.397-12.359,44.751,0\nc12.354,12.354,12.354,32.388,0,44.748L173.525,225.92l171.903,171.909c12.354,12.354,12.354,32.391,0,44.744\nc-12.354,12.365-32.386,12.365-44.745,0l-194.29-194.281C100.226,242.115,97.141,234.018,97.141,225.92z\"><\/path><\/svg><\/span>\n          <\/a>\n          <a class=\"u-absolute-vcenter u-carousel-control u-carousel-control-next u-grey-70 u-icon-circle u-opacity u-opacity-70 u-spacing-10 u-text-white u-carousel-control-2\" href=\"#carousel-45c0\" role=\"button\" data-u-slide=\"next\"><span aria-hidden=\"true\">\n              <svg viewBox=\"0 0 451.846 451.847\"><path d=\"M345.441,248.292L151.154,442.573c-12.359,12.365-32.397,12.365-44.75,0c-12.354-12.354-12.354-32.391,0-44.744\nL278.318,225.92L106.409,54.017c-12.354-12.359-12.354-32.394,0-44.748c12.354-12.359,32.391-12.359,44.75,0l194.287,194.284\nc6.177,6.18,9.262,14.271,9.262,22.366C354.708,234.018,351.617,242.115,345.441,248.292z\"><\/path><\/svg><\/span><span class=\"sr-only\">\n              <svg viewBox=\"0 0 451.846 451.847\"><path d=\"M345.441,248.292L151.154,442.573c-12.359,12.365-32.397,12.365-44.75,0c-12.354-12.354-12.354-32.391,0-44.744\nL278.318,225.92L106.409,54.017c-12.354-12.359-12.354-32.394,0-44.748c12.354-12.359,32.391-12.359,44.75,0l194.287,194.284\nc6.177,6.18,9.262,14.271,9.262,22.366C354.708,234.018,351.617,242.115,345.441,248.292z\"><\/path><\/svg><\/span>\n          <\/a>\n        <\/div>\n        <p class=\"u-text u-text-default u-text-1\"><span style=\"font-weight: 700;\">Okna SOFTLINE 82 \u2013 energooszcz\u0119dno\u015b\u0107, trwa\u0142o\u015b\u0107 i komfort przez ca\u0142y rok&nbsp;<\/span>\n          <br>\n          <br>Rosn\u0105ce koszty ogrzewania to wyzwanie, przed kt\u00f3rym stoi ka\u017cdy w\u0142a\u015bciciel domu. Dlatego warto zainwestowa\u0107 w nowoczesne i inteligentne rozwi\u0105zania, kt\u00f3re realnie wp\u0142ywaj\u0105 na zu\u017cycie energii. Jednym z nich s\u0105 energooszcz\u0119dne okna PVC-U w systemie profili SOFTLINE 82 \u2013 technologia, kt\u00f3ra pozwala zoptymalizowa\u0107 bilans energetyczny budynku i jednocze\u015bnie poprawi\u0107 komfort \u017cycia na co dzie\u0144.&nbsp;<br><span style=\"font-weight: 700;\">\n            <br>I<\/span><span style=\"font-weight: 700;\">nnowacyjna konstrukcja \u2013 skuteczna ochrona przed stratami ciep\u0142a&nbsp;<\/span>\n          <br>\n          <br>Okna SOFTLINE 82 opieraj\u0105 si\u0119 na nowoczesnym, wielokomorowym systemie profili PVC o g\u0142\u0119boko\u015bci zabudowy 82 mm. W po\u0142\u0105czeniu z trzema niezale\u017cnymi uszczelkami (w tym uszczelk\u0105 \u015brodkow\u0105), konstrukcja ta tworzy skuteczn\u0105 barier\u0119 termiczn\u0105 i akustyczn\u0105. Dzi\u0119ki temu mo\u017cliwe jest znaczne ograniczenie strat ciep\u0142a, a co za tym idzie \u2013 obni\u017cenie rachunk\u00f3w za ogrzewanie.&nbsp;<br><span style=\"font-weight: 700;\">\n            <br>Profil klasy A od VEKA \u2013 gwarancja jako\u015bci i trwa\u0142o\u015bci&nbsp;<\/span>\n          <br>\n          <br>System SOFTLINE 82 to profil klasy A od renomowanego producenta VEKA. Spe\u0142nia rygorystyczne wymagania normy DIN EN 12608, co oznacza wyj\u0105tkow\u0105 grubo\u015b\u0107 \u015bcianek zewn\u0119trznych, a tym samym: <br> wy\u017csz\u0105 odporno\u015b\u0107 na uszkodzenia, <br> lepsz\u0105 stabilno\u015b\u0107 konstrukcyjn\u0105, <br> d\u0142ugowieczno\u015b\u0107 i niezawodno\u015b\u0107 przez wiele lat u\u017cytkowania.<br><span style=\"font-weight: 700;\">\n            <br>Komfort cieplny i akustyczny o ka\u017cdej porze roku&nbsp;<\/span>\n          <br>\n          <br>Zim\u0105 \u2013 ciep\u0142o zostaje wewn\u0105trz, latem \u2013 upa\u0142 zostaje na zewn\u0105trz. Dzi\u0119ki wysokiej klasie izolacyjno\u015bci termicznej i akustycznej, okna SOFTLINE 82 pomagaj\u0105 utrzyma\u0107 sta\u0142y, przyjemny klimat w pomieszczeniach, niezale\u017cnie od pory roku czy warunk\u00f3w pogodowych. <br>\n          <br>\n          <br><span style=\"font-weight: 700;\">VEKAMOTION\u202f82 \u2013 nowoczesny system drzwi tarasowych dla du\u017cych przeszkle\u0144 i energooszcz\u0119dno\u015bci&nbsp;<\/span>\n          <br>\n          <br>Szukasz eleganckiego, trwa\u0142ego i funkcjonalnego rozwi\u0105zania dla przeszklonych przej\u015b\u0107 tarasowych? VEKAMOTION\u202f82 to system drzwi podnoszono-przesuwnych oparty na profilach PVC o g\u0142\u0119boko\u015bci zabudowy 82\u202fmm, technologii klasy A i bezprogowych rozwi\u0105zaniach, idealny do nowoczesnych, przestrzennych dom\u00f3w.&nbsp;<br>\n          <br>Kluczowe zalety systemu:<br>\n          <br>W\u0105skie profile, imponuj\u0105ce gabaryty - konstrukcja umo\u017cliwia budow\u0119 drzwi tarasowych o szeroko\u015bci do 6,5\u202fm i wysoko\u015bci do 2,7\u202fm (bia\u0142e profile), a dla kolorowych do 2,5\u202fm<br>\n          <br>Bezprogowe przej\u015bcie nowoczesny pr\u00f3g z PVC zapewnia p\u0142ynne przej\u015bcie o wysoko\u015bci zaledwie 62\u202fmm. W wersji bezprogowej wystaje jedynie 4\u202fmm szyny jezdnej, co zwi\u0119ksza komfort u\u017cytkowania i minimalizuje utrat\u0119 ciep\u0142a<br>\n          <br>Wysoka efektywno\u015b\u0107 energetyczna - przy zastosowaniu pakietu szybowego Ug\u202f=\u202f0,5\u202fW\/m\u00b2K konstrukcja osi\u0105ga izolacyjno\u015b\u0107 Uw nawet 0,78 W\/m\u00b2K&nbsp;<br>\n          <br>Dwustopniowe uszczelnienie i odporno\u015b\u0107 na wod\u0119 - system wyposa\u017cono w uszczelki gwarantuj\u0105ce klas\u0119 wodoszczelno\u015bci 9A \u2013 nawet przy silnym wietrze i ulewnym deszczu .<br>&nbsp;&nbsp;<br>Solidno\u015b\u0107 i bezpiecze\u0144stwo - profile klasy A posiadaj\u0105 stalowe wzmocnienia, zapewniaj\u0105ce statyk\u0119 oraz odporno\u015b\u0107 antyw\u0142amaniow\u0105 w klasie RC2.&nbsp;&nbsp;<br>\n          <br>Bogata kolorystyka i design - profile dost\u0119pne w szerokiej gamie kolor\u00f3w RAL, wzorach drewnopodobnych, pow\u0142okach SPECTRAL oraz wersjach z nak\u0142adkami aluminiowymi \u2013 dla sp\u00f3jnej stylistycznie elewacji budynku<br>\n          <br>Dost\u0119pny w wersji <span style=\"font-weight: 700;\">MAX<\/span>, w kt\u00f3rym rama mo\u017ce by\u0107 niemal ca\u0142kowicie otynkowana, co od strony elewacji daje wra\u017cenie przeszkle\u0144 bezramowych.\n        <\/p>\n      <\/div>\n    <\/section>\n    \n    \n    \n  \n<\/div>","protected":false},"excerpt":{"rendered":"<p>VEKA Softline 82 7 kom\u00f3r w ramie, 6 kom\u00f3r w skrzydle Vekamotion 82 Wersja standardowa, niski pr\u00f3g Vekamotion 82 MAX Szklenie w ramie, wi\u0119cej \u015bwiat\u0142a, wi\u0119cej ciep\u0142a Okna SOFTLINE 82 \u2013 energooszcz\u0119dno\u015b\u0107, trwa\u0142o\u015b\u0107 i komfort przez ca\u0142y rok&nbsp; Rosn\u0105ce koszty ogrzewania to wyzwanie, przed kt\u00f3rym stoi ka\u017cdy w\u0142a\u015bciciel domu. Dlatego warto zainwestowa\u0107 w nowoczesne i [&hellip;]<\/p>\n","protected":false},"author":1,"featured_media":0,"parent":0,"menu_order":0,"comment_status":"closed","ping_status":"closed","template":"","meta":{"footnotes":""},"class_list":["post-235","page","type-page","status-publish","hentry"],"yoast_head":"<!-- This site is optimized with the Yoast SEO plugin v25.2 - https:\/\/yoast.com\/wordpress\/plugins\/seo\/ -->\n<title>VEKASOFTLINE82 - Mokko<\/title>\n<meta name=\"robots\" content=\"index, follow, max-snippet:-1, max-image-preview:large, max-video-preview:-1\" \/>\n<link rel=\"canonical\" href=\"https:\/\/mokko.pl\/?page_id=235\" \/>\n<meta property=\"og:locale\" content=\"pl_PL\" \/>\n<meta property=\"og:type\" content=\"article\" \/>\n<meta property=\"og:title\" content=\"VEKASOFTLINE82 - Mokko\" \/>\n<meta property=\"og:description\" content=\"VEKA Softline 82 7 kom\u00f3r w ramie, 6 kom\u00f3r w skrzydle Vekamotion 82 Wersja standardowa, niski pr\u00f3g Vekamotion 82 MAX Szklenie w ramie, wi\u0119cej \u015bwiat\u0142a, wi\u0119cej ciep\u0142a Okna SOFTLINE 82 \u2013 energooszcz\u0119dno\u015b\u0107, trwa\u0142o\u015b\u0107 i komfort przez ca\u0142y rok&nbsp; Rosn\u0105ce koszty ogrzewania to wyzwanie, przed kt\u00f3rym stoi ka\u017cdy w\u0142a\u015bciciel domu. Dlatego warto zainwestowa\u0107 w nowoczesne i [&hellip;]\" \/>\n<meta property=\"og:url\" content=\"https:\/\/mokko.pl\/?page_id=235\" \/>\n<meta property=\"og:site_name\" content=\"Mokko\" \/>\n<meta property=\"article:modified_time\" content=\"2025-08-08T08:01:06+00:00\" \/>\n<meta name=\"twitter:card\" content=\"summary_large_image\" \/>\n<meta name=\"twitter:label1\" content=\"Szacowany czas czytania\" \/>\n\t<meta name=\"twitter:data1\" content=\"3 minuty\" \/>\n<script type=\"application\/ld+json\" class=\"yoast-schema-graph\">{\"@context\":\"https:\/\/schema.org\",\"@graph\":[{\"@type\":\"WebPage\",\"@id\":\"https:\/\/mokko.pl\/?page_id=235\",\"url\":\"https:\/\/mokko.pl\/?page_id=235\",\"name\":\"VEKASOFTLINE82 - Mokko\",\"isPartOf\":{\"@id\":\"https:\/\/mokko.pl\/#website\"},\"datePublished\":\"2025-07-07T11:30:56+00:00\",\"dateModified\":\"2025-08-08T08:01:06+00:00\",\"breadcrumb\":{\"@id\":\"https:\/\/mokko.pl\/?page_id=235#breadcrumb\"},\"inLanguage\":\"pl-PL\",\"potentialAction\":[{\"@type\":\"ReadAction\",\"target\":[\"https:\/\/mokko.pl\/?page_id=235\"]}]},{\"@type\":\"BreadcrumbList\",\"@id\":\"https:\/\/mokko.pl\/?page_id=235#breadcrumb\",\"itemListElement\":[{\"@type\":\"ListItem\",\"position\":1,\"name\":\"Home\",\"item\":\"https:\/\/mokko.pl\/\"},{\"@type\":\"ListItem\",\"position\":2,\"name\":\"VEKASOFTLINE82\"}]},{\"@type\":\"WebSite\",\"@id\":\"https:\/\/mokko.pl\/#website\",\"url\":\"https:\/\/mokko.pl\/\",\"name\":\"Mokko\",\"description\":\"\",\"publisher\":{\"@id\":\"https:\/\/mokko.pl\/#organization\"},\"potentialAction\":[{\"@type\":\"SearchAction\",\"target\":{\"@type\":\"EntryPoint\",\"urlTemplate\":\"https:\/\/mokko.pl\/?s={search_term_string}\"},\"query-input\":{\"@type\":\"PropertyValueSpecification\",\"valueRequired\":true,\"valueName\":\"search_term_string\"}}],\"inLanguage\":\"pl-PL\"},{\"@type\":\"Organization\",\"@id\":\"https:\/\/mokko.pl\/#organization\",\"name\":\"Mokko\",\"url\":\"https:\/\/mokko.pl\/\",\"logo\":{\"@type\":\"ImageObject\",\"inLanguage\":\"pl-PL\",\"@id\":\"https:\/\/mokko.pl\/#\/schema\/logo\/image\/\",\"url\":\"http:\/\/mokko.pl\/wp-content\/uploads\/2025\/07\/logomokko-5.png\",\"contentUrl\":\"http:\/\/mokko.pl\/wp-content\/uploads\/2025\/07\/logomokko-5.png\",\"width\":432,\"height\":122,\"caption\":\"Mokko\"},\"image\":{\"@id\":\"https:\/\/mokko.pl\/#\/schema\/logo\/image\/\"}}]}<\/script>\n<!-- \/ Yoast SEO plugin. -->","yoast_head_json":{"title":"VEKASOFTLINE82 - Mokko","robots":{"index":"index","follow":"follow","max-snippet":"max-snippet:-1","max-image-preview":"max-image-preview:large","max-video-preview":"max-video-preview:-1"},"canonical":"https:\/\/mokko.pl\/?page_id=235","og_locale":"pl_PL","og_type":"article","og_title":"VEKASOFTLINE82 - Mokko","og_description":"VEKA Softline 82 7 kom\u00f3r w ramie, 6 kom\u00f3r w skrzydle Vekamotion 82 Wersja standardowa, niski pr\u00f3g Vekamotion 82 MAX Szklenie w ramie, wi\u0119cej \u015bwiat\u0142a, wi\u0119cej ciep\u0142a Okna SOFTLINE 82 \u2013 energooszcz\u0119dno\u015b\u0107, trwa\u0142o\u015b\u0107 i komfort przez ca\u0142y rok&nbsp; Rosn\u0105ce koszty ogrzewania to wyzwanie, przed kt\u00f3rym stoi ka\u017cdy w\u0142a\u015bciciel domu. Dlatego warto zainwestowa\u0107 w nowoczesne i [&hellip;]","og_url":"https:\/\/mokko.pl\/?page_id=235","og_site_name":"Mokko","article_modified_time":"2025-08-08T08:01:06+00:00","twitter_card":"summary_large_image","twitter_misc":{"Szacowany czas czytania":"3 minuty"},"schema":{"@context":"https:\/\/schema.org","@graph":[{"@type":"WebPage","@id":"https:\/\/mokko.pl\/?page_id=235","url":"https:\/\/mokko.pl\/?page_id=235","name":"VEKASOFTLINE82 - Mokko","isPartOf":{"@id":"https:\/\/mokko.pl\/#website"},"datePublished":"2025-07-07T11:30:56+00:00","dateModified":"2025-08-08T08:01:06+00:00","breadcrumb":{"@id":"https:\/\/mokko.pl\/?page_id=235#breadcrumb"},"inLanguage":"pl-PL","potentialAction":[{"@type":"ReadAction","target":["https:\/\/mokko.pl\/?page_id=235"]}]},{"@type":"BreadcrumbList","@id":"https:\/\/mokko.pl\/?page_id=235#breadcrumb","itemListElement":[{"@type":"ListItem","position":1,"name":"Home","item":"https:\/\/mokko.pl\/"},{"@type":"ListItem","position":2,"name":"VEKASOFTLINE82"}]},{"@type":"WebSite","@id":"https:\/\/mokko.pl\/#website","url":"https:\/\/mokko.pl\/","name":"Mokko","description":"","publisher":{"@id":"https:\/\/mokko.pl\/#organization"},"potentialAction":[{"@type":"SearchAction","target":{"@type":"EntryPoint","urlTemplate":"https:\/\/mokko.pl\/?s={search_term_string}"},"query-input":{"@type":"PropertyValueSpecification","valueRequired":true,"valueName":"search_term_string"}}],"inLanguage":"pl-PL"},{"@type":"Organization","@id":"https:\/\/mokko.pl\/#organization","name":"Mokko","url":"https:\/\/mokko.pl\/","logo":{"@type":"ImageObject","inLanguage":"pl-PL","@id":"https:\/\/mokko.pl\/#\/schema\/logo\/image\/","url":"http:\/\/mokko.pl\/wp-content\/uploads\/2025\/07\/logomokko-5.png","contentUrl":"http:\/\/mokko.pl\/wp-content\/uploads\/2025\/07\/logomokko-5.png","width":432,"height":122,"caption":"Mokko"},"image":{"@id":"https:\/\/mokko.pl\/#\/schema\/logo\/image\/"}}]}},"_links":{"self":[{"href":"https:\/\/mokko.pl\/index.php?rest_route=\/wp\/v2\/pages\/235","targetHints":{"allow":["GET"]}}],"collection":[{"href":"https:\/\/mokko.pl\/index.php?rest_route=\/wp\/v2\/pages"}],"about":[{"href":"https:\/\/mokko.pl\/index.php?rest_route=\/wp\/v2\/types\/page"}],"author":[{"embeddable":true,"href":"https:\/\/mokko.pl\/index.php?rest_route=\/wp\/v2\/users\/1"}],"replies":[{"embeddable":true,"href":"https:\/\/mokko.pl\/index.php?rest_route=%2Fwp%2Fv2%2Fcomments&post=235"}],"version-history":[{"count":6,"href":"https:\/\/mokko.pl\/index.php?rest_route=\/wp\/v2\/pages\/235\/revisions"}],"predecessor-version":[{"id":515,"href":"https:\/\/mokko.pl\/index.php?rest_route=\/wp\/v2\/pages\/235\/revisions\/515"}],"wp:attachment":[{"href":"https:\/\/mokko.pl\/index.php?rest_route=%2Fwp%2Fv2%2Fmedia&parent=235"}],"curies":[{"name":"wp","href":"https:\/\/api.w.org\/{rel}","templated":true}]}}