{"id":237,"date":"2025-07-07T13:29:26","date_gmt":"2025-07-07T11:29:26","guid":{"rendered":"https:\/\/mokko.pl\/?page_id=237"},"modified":"2025-08-08T10:06:31","modified_gmt":"2025-08-08T08:06:31","slug":"aluprofmb79","status":"publish","type":"page","link":"https:\/\/mokko.pl\/?page_id=237","title":{"rendered":"ALUPROFMB79"},"content":{"rendered":"<div class=\"\" style=\"\" >\n    \n    <section class=\"u-clearfix u-section-2\" id=\"block-1\">\n      <div class=\"u-clearfix u-sheet u-valign-middle-xs u-valign-top-lg u-valign-top-md u-valign-top-sm u-sheet-1\">\n        <div class=\"u-carousel u-expanded-width u-gallery u-layout-carousel u-lightbox u-no-transition u-show-text-always u-gallery-1\" data-interval=\"5000\" data-u-ride=\"carousel\" id=\"carousel-7acd\">\n          <ol class=\"u-absolute-hcenter u-carousel-indicators u-carousel-indicators-1\">\n            <li data-u-target=\"#carousel-7acd\" data-u-slide-to=\"0\" class=\"u-active u-grey-70 u-shape-circle\" style=\"width: 10px; height: 10px;\"><\/li>\n            <li data-u-target=\"#carousel-7acd\" data-u-slide-to=\"1\" class=\"u-grey-70 u-shape-circle\" style=\"width: 10px; height: 10px;\"><\/li>\n            <li data-u-target=\"#carousel-7acd\" data-u-slide-to=\"2\" class=\"u-grey-70 u-shape-circle\" style=\"width: 10px; height: 10px;\"><\/li>\n          <\/ol>\n          <div class=\"u-carousel-inner u-gallery-inner u-gallery-inner-1\" role=\"listbox\">\n            <div class=\"u-active u-carousel-item u-gallery-item u-carousel-item-1\">\n              <div class=\"u-back-slide\" data-image-width=\"468\" data-image-height=\"614\">\n                <img decoding=\"async\" class=\"u-back-image u-expanded u-image-contain\" src=\"https:\/\/mokko.pl\/wp-content\/uploads\/2025\/07\/MB79NSIwaskaoscieznica.webp\">\n              <\/div>\n              <div class=\"u-over-slide u-over-slide-1\">\n                <h3 class=\"u-gallery-heading\" style=\"\">Aluprof MB 79N SI<\/h3>\n                <p class=\"u-gallery-text\">\u015arodkowa uszczelka, wk\u0142ady termiczne w profilach<\/p>\n              <\/div>\n            <\/div>\n            <div class=\"u-carousel-item u-gallery-item u-carousel-item-2\">\n              <div class=\"u-back-slide\" data-image-width=\"1105\" data-image-height=\"1000\">\n                <img decoding=\"async\" class=\"u-back-image u-expanded u-image-contain\" src=\"https:\/\/mokko.pl\/wp-content\/uploads\/2025\/07\/MB-79NSTokno.webp\">\n              <\/div>\n              <div class=\"u-over-slide u-over-slide-2\">\n                <h3 class=\"u-gallery-heading\" style=\"\">Aluprof MB 79N ST<\/h3>\n                <p class=\"u-gallery-text\">Uszczelka \u015brodkowa<\/p>\n              <\/div>\n            <\/div>\n            <div class=\"u-carousel-item u-gallery-item u-carousel-item-3\" data-image-width=\"1105\" data-image-height=\"1000\">\n              <div class=\"u-back-slide\">\n                <img decoding=\"async\" class=\"u-back-image u-expanded u-image-contain\" src=\"https:\/\/mokko.pl\/wp-content\/uploads\/2025\/07\/MB-79NSIokno.jpeg\" alt=\"Aluprof MB 79N SI\">\n              <\/div>\n              <div class=\"u-over-slide u-over-slide-3\">\n                <h3 class=\"u-gallery-heading\" style=\"\">Aluprof MB 79N SI<\/h3>\n                <p class=\"u-gallery-text\">\u015arodkowa uszczelka, wk\u0142ady termiczne w profilach<\/p>\n              <\/div>\n              <style data-mode=\"XL\"><\/style>\n              <style data-mode=\"LG\"><\/style>\n              <style data-mode=\"MD\"><\/style>\n              <style data-mode=\"SM\"><\/style>\n              <style data-mode=\"XS\" data-visited=\"true\"><\/style>\n            <\/div>\n          <\/div>\n          <a class=\"u-absolute-vcenter u-carousel-control u-carousel-control-prev u-grey-70 u-icon-circle u-opacity u-opacity-70 u-spacing-10 u-text-white u-carousel-control-1\" href=\"#carousel-7acd\" role=\"button\" data-u-slide=\"prev\"><span aria-hidden=\"true\">\n              <svg viewBox=\"0 0 451.847 451.847\"><path d=\"M97.141,225.92c0-8.095,3.091-16.192,9.259-22.366L300.689,9.27c12.359-12.359,32.397-12.359,44.751,0\nc12.354,12.354,12.354,32.388,0,44.748L173.525,225.92l171.903,171.909c12.354,12.354,12.354,32.391,0,44.744\nc-12.354,12.365-32.386,12.365-44.745,0l-194.29-194.281C100.226,242.115,97.141,234.018,97.141,225.92z\"><\/path><\/svg><\/span><span class=\"sr-only\">\n              <svg viewBox=\"0 0 451.847 451.847\"><path d=\"M97.141,225.92c0-8.095,3.091-16.192,9.259-22.366L300.689,9.27c12.359-12.359,32.397-12.359,44.751,0\nc12.354,12.354,12.354,32.388,0,44.748L173.525,225.92l171.903,171.909c12.354,12.354,12.354,32.391,0,44.744\nc-12.354,12.365-32.386,12.365-44.745,0l-194.29-194.281C100.226,242.115,97.141,234.018,97.141,225.92z\"><\/path><\/svg><\/span>\n          <\/a>\n          <a class=\"u-absolute-vcenter u-carousel-control u-carousel-control-next u-grey-70 u-icon-circle u-opacity u-opacity-70 u-spacing-10 u-text-white u-carousel-control-2\" href=\"#carousel-7acd\" role=\"button\" data-u-slide=\"next\"><span aria-hidden=\"true\">\n              <svg viewBox=\"0 0 451.846 451.847\"><path d=\"M345.441,248.292L151.154,442.573c-12.359,12.365-32.397,12.365-44.75,0c-12.354-12.354-12.354-32.391,0-44.744\nL278.318,225.92L106.409,54.017c-12.354-12.359-12.354-32.394,0-44.748c12.354-12.359,32.391-12.359,44.75,0l194.287,194.284\nc6.177,6.18,9.262,14.271,9.262,22.366C354.708,234.018,351.617,242.115,345.441,248.292z\"><\/path><\/svg><\/span><span class=\"sr-only\">\n              <svg viewBox=\"0 0 451.846 451.847\"><path d=\"M345.441,248.292L151.154,442.573c-12.359,12.365-32.397,12.365-44.75,0c-12.354-12.354-12.354-32.391,0-44.744\nL278.318,225.92L106.409,54.017c-12.354-12.359-12.354-32.394,0-44.748c12.354-12.359,32.391-12.359,44.75,0l194.287,194.284\nc6.177,6.18,9.262,14.271,9.262,22.366C354.708,234.018,351.617,242.115,345.441,248.292z\"><\/path><\/svg><\/span>\n          <\/a>\n        <\/div>\n        <p class=\"u-text u-text-1\"><span style=\"font-weight: 700;\">MB-79N \u2013 ekonomiczny i energooszcz\u0119dny system\n\t\tokienno-drzwiowy od Aluprof<\/span>\n          <br>\n          <br>&nbsp; &nbsp;Szukasz solidnych, nowoczesnych i niedrogich okien lub drzwi do\nswojego domu? Postaw na MB-79N \u2013 najnowszy system\nokienno-drzwiowy marki Aluprof, zaprojektowany z\nmy\u015bl\u0105 o wysokiej izolacyjno\u015bci termicznej i wszechstronno\u015bci\nzastosowa\u0144.\nTo idealne rozwi\u0105zanie dla inwestor\u00f3w buduj\u0105cych domy\nenergooszcz\u0119dne, kt\u00f3rzy oczekuj\u0105 wysokiej jako\u015bci w rozs\u0105dnej\ncenie. System MB-79N pozwala na wykonanie r\u00f3\u017cnorodnych konstrukcji:\nod klasycznych okien rozwieranych, uchylnych i uchylno-przesuwnych,\npo drzwi zewn\u0119trzne jedno- i dwuskrzyd\u0142owe oraz\nnowoczesne witryny z drzwiami.&nbsp;<br>\n          <br><span style=\"font-weight: 700;\">Trzy warianty \u2013 dopasuj system do swoich potrzeb<\/span>&nbsp;<br>\n          <br>MB-79N dost\u0119pny jest w kilku wersjach, kt\u00f3re r\u00f3\u017cni\u0105 si\u0119\npoziomem izolacyjno\u015bci termicznej:&nbsp;<br><span style=\"font-weight: 700;\">MB-79N E<\/span> \u2013 wersja ekonomiczna z\n\tjednokomponentow\u0105 uszczelk\u0105 centraln\u0105,<br><span style=\"font-weight: 700;\"> MB-79N ST <\/span>\u2013 standardowa wersja z\n\tdwukomponentow\u0105 uszczelk\u0105 centraln\u0105,<br><span style=\"font-weight: 700;\"> MB-79N SI<\/span> \u2013 zaawansowany wariant z\n\tdodatkowymi wk\u0142adami izoluj\u0105cymi i maksymaln\u0105 efektywno\u015bci\u0105\n\tciepln\u0105,<br><span style=\"font-weight: 700;\"> MB-79N SI+<\/span> \u2013 specjalna wersja drzwiowa z\n\tjeszcze lepsz\u0105 izolacj\u0105 dzi\u0119ki dodatkowym wk\u0142adom w profilach i\n\tcentralnej uszczelce.<br>\n          <br>\n          <br><span style=\"font-weight: 700;\">Szeroki zakres szklenia \u2013 bezpiecze\u0144stwo i komfort w\nstandardzie&nbsp;<\/span>\n          <br>\n          <br>System MB-79N pozwala na monta\u017c pakiet\u00f3w szybowych o\ngrubo\u015bci do 63 mm w oknach i do 54 mm w drzwiach,\nco umo\u017cliwia zastosowanie niemal ka\u017cdego rodzaju szyb \u2013 od\nenergooszcz\u0119dnych, przez d\u017awi\u0119koch\u0142onne, a\u017c po szyby\nantyw\u0142amaniowe.&nbsp;\n        <\/p>\n      <\/div>\n    <\/section>\n    \n    \n    \n  \n<\/div>","protected":false},"excerpt":{"rendered":"<p>Aluprof MB 79N SI \u015arodkowa uszczelka, wk\u0142ady termiczne w profilach Aluprof MB 79N ST Uszczelka \u015brodkowa Aluprof MB 79N SI \u015arodkowa uszczelka, wk\u0142ady termiczne w profilach MB-79N \u2013 ekonomiczny i energooszcz\u0119dny system okienno-drzwiowy od Aluprof &nbsp; &nbsp;Szukasz solidnych, nowoczesnych i niedrogich okien lub drzwi do swojego domu? Postaw na MB-79N \u2013 najnowszy system okienno-drzwiowy marki [&hellip;]<\/p>\n","protected":false},"author":1,"featured_media":0,"parent":0,"menu_order":0,"comment_status":"closed","ping_status":"closed","template":"","meta":{"footnotes":""},"class_list":["post-237","page","type-page","status-publish","hentry"],"yoast_head":"<!-- This site is optimized with the Yoast SEO plugin v25.2 - https:\/\/yoast.com\/wordpress\/plugins\/seo\/ -->\n<title>ALUPROFMB79 - Mokko<\/title>\n<meta name=\"robots\" content=\"index, follow, max-snippet:-1, max-image-preview:large, max-video-preview:-1\" \/>\n<link rel=\"canonical\" href=\"https:\/\/mokko.pl\/?page_id=237\" \/>\n<meta property=\"og:locale\" content=\"pl_PL\" \/>\n<meta property=\"og:type\" content=\"article\" \/>\n<meta property=\"og:title\" content=\"ALUPROFMB79 - Mokko\" \/>\n<meta property=\"og:description\" content=\"Aluprof MB 79N SI \u015arodkowa uszczelka, wk\u0142ady termiczne w profilach Aluprof MB 79N ST Uszczelka \u015brodkowa Aluprof MB 79N SI \u015arodkowa uszczelka, wk\u0142ady termiczne w profilach MB-79N \u2013 ekonomiczny i energooszcz\u0119dny system okienno-drzwiowy od Aluprof &nbsp; &nbsp;Szukasz solidnych, nowoczesnych i niedrogich okien lub drzwi do swojego domu? Postaw na MB-79N \u2013 najnowszy system okienno-drzwiowy marki [&hellip;]\" \/>\n<meta property=\"og:url\" content=\"https:\/\/mokko.pl\/?page_id=237\" \/>\n<meta property=\"og:site_name\" content=\"Mokko\" \/>\n<meta property=\"article:modified_time\" content=\"2025-08-08T08:06:31+00:00\" \/>\n<meta name=\"twitter:card\" content=\"summary_large_image\" \/>\n<script type=\"application\/ld+json\" class=\"yoast-schema-graph\">{\"@context\":\"https:\/\/schema.org\",\"@graph\":[{\"@type\":\"WebPage\",\"@id\":\"https:\/\/mokko.pl\/?page_id=237\",\"url\":\"https:\/\/mokko.pl\/?page_id=237\",\"name\":\"ALUPROFMB79 - Mokko\",\"isPartOf\":{\"@id\":\"https:\/\/mokko.pl\/#website\"},\"datePublished\":\"2025-07-07T11:29:26+00:00\",\"dateModified\":\"2025-08-08T08:06:31+00:00\",\"breadcrumb\":{\"@id\":\"https:\/\/mokko.pl\/?page_id=237#breadcrumb\"},\"inLanguage\":\"pl-PL\",\"potentialAction\":[{\"@type\":\"ReadAction\",\"target\":[\"https:\/\/mokko.pl\/?page_id=237\"]}]},{\"@type\":\"BreadcrumbList\",\"@id\":\"https:\/\/mokko.pl\/?page_id=237#breadcrumb\",\"itemListElement\":[{\"@type\":\"ListItem\",\"position\":1,\"name\":\"Home\",\"item\":\"https:\/\/mokko.pl\/\"},{\"@type\":\"ListItem\",\"position\":2,\"name\":\"ALUPROFMB79\"}]},{\"@type\":\"WebSite\",\"@id\":\"https:\/\/mokko.pl\/#website\",\"url\":\"https:\/\/mokko.pl\/\",\"name\":\"Mokko\",\"description\":\"\",\"publisher\":{\"@id\":\"https:\/\/mokko.pl\/#organization\"},\"potentialAction\":[{\"@type\":\"SearchAction\",\"target\":{\"@type\":\"EntryPoint\",\"urlTemplate\":\"https:\/\/mokko.pl\/?s={search_term_string}\"},\"query-input\":{\"@type\":\"PropertyValueSpecification\",\"valueRequired\":true,\"valueName\":\"search_term_string\"}}],\"inLanguage\":\"pl-PL\"},{\"@type\":\"Organization\",\"@id\":\"https:\/\/mokko.pl\/#organization\",\"name\":\"Mokko\",\"url\":\"https:\/\/mokko.pl\/\",\"logo\":{\"@type\":\"ImageObject\",\"inLanguage\":\"pl-PL\",\"@id\":\"https:\/\/mokko.pl\/#\/schema\/logo\/image\/\",\"url\":\"http:\/\/mokko.pl\/wp-content\/uploads\/2025\/07\/logomokko-5.png\",\"contentUrl\":\"http:\/\/mokko.pl\/wp-content\/uploads\/2025\/07\/logomokko-5.png\",\"width\":432,\"height\":122,\"caption\":\"Mokko\"},\"image\":{\"@id\":\"https:\/\/mokko.pl\/#\/schema\/logo\/image\/\"}}]}<\/script>\n<!-- \/ Yoast SEO plugin. -->","yoast_head_json":{"title":"ALUPROFMB79 - Mokko","robots":{"index":"index","follow":"follow","max-snippet":"max-snippet:-1","max-image-preview":"max-image-preview:large","max-video-preview":"max-video-preview:-1"},"canonical":"https:\/\/mokko.pl\/?page_id=237","og_locale":"pl_PL","og_type":"article","og_title":"ALUPROFMB79 - Mokko","og_description":"Aluprof MB 79N SI \u015arodkowa uszczelka, wk\u0142ady termiczne w profilach Aluprof MB 79N ST Uszczelka \u015brodkowa Aluprof MB 79N SI \u015arodkowa uszczelka, wk\u0142ady termiczne w profilach MB-79N \u2013 ekonomiczny i energooszcz\u0119dny system okienno-drzwiowy od Aluprof &nbsp; &nbsp;Szukasz solidnych, nowoczesnych i niedrogich okien lub drzwi do swojego domu? Postaw na MB-79N \u2013 najnowszy system okienno-drzwiowy marki [&hellip;]","og_url":"https:\/\/mokko.pl\/?page_id=237","og_site_name":"Mokko","article_modified_time":"2025-08-08T08:06:31+00:00","twitter_card":"summary_large_image","schema":{"@context":"https:\/\/schema.org","@graph":[{"@type":"WebPage","@id":"https:\/\/mokko.pl\/?page_id=237","url":"https:\/\/mokko.pl\/?page_id=237","name":"ALUPROFMB79 - Mokko","isPartOf":{"@id":"https:\/\/mokko.pl\/#website"},"datePublished":"2025-07-07T11:29:26+00:00","dateModified":"2025-08-08T08:06:31+00:00","breadcrumb":{"@id":"https:\/\/mokko.pl\/?page_id=237#breadcrumb"},"inLanguage":"pl-PL","potentialAction":[{"@type":"ReadAction","target":["https:\/\/mokko.pl\/?page_id=237"]}]},{"@type":"BreadcrumbList","@id":"https:\/\/mokko.pl\/?page_id=237#breadcrumb","itemListElement":[{"@type":"ListItem","position":1,"name":"Home","item":"https:\/\/mokko.pl\/"},{"@type":"ListItem","position":2,"name":"ALUPROFMB79"}]},{"@type":"WebSite","@id":"https:\/\/mokko.pl\/#website","url":"https:\/\/mokko.pl\/","name":"Mokko","description":"","publisher":{"@id":"https:\/\/mokko.pl\/#organization"},"potentialAction":[{"@type":"SearchAction","target":{"@type":"EntryPoint","urlTemplate":"https:\/\/mokko.pl\/?s={search_term_string}"},"query-input":{"@type":"PropertyValueSpecification","valueRequired":true,"valueName":"search_term_string"}}],"inLanguage":"pl-PL"},{"@type":"Organization","@id":"https:\/\/mokko.pl\/#organization","name":"Mokko","url":"https:\/\/mokko.pl\/","logo":{"@type":"ImageObject","inLanguage":"pl-PL","@id":"https:\/\/mokko.pl\/#\/schema\/logo\/image\/","url":"http:\/\/mokko.pl\/wp-content\/uploads\/2025\/07\/logomokko-5.png","contentUrl":"http:\/\/mokko.pl\/wp-content\/uploads\/2025\/07\/logomokko-5.png","width":432,"height":122,"caption":"Mokko"},"image":{"@id":"https:\/\/mokko.pl\/#\/schema\/logo\/image\/"}}]}},"_links":{"self":[{"href":"https:\/\/mokko.pl\/index.php?rest_route=\/wp\/v2\/pages\/237","targetHints":{"allow":["GET"]}}],"collection":[{"href":"https:\/\/mokko.pl\/index.php?rest_route=\/wp\/v2\/pages"}],"about":[{"href":"https:\/\/mokko.pl\/index.php?rest_route=\/wp\/v2\/types\/page"}],"author":[{"embeddable":true,"href":"https:\/\/mokko.pl\/index.php?rest_route=\/wp\/v2\/users\/1"}],"replies":[{"embeddable":true,"href":"https:\/\/mokko.pl\/index.php?rest_route=%2Fwp%2Fv2%2Fcomments&post=237"}],"version-history":[{"count":6,"href":"https:\/\/mokko.pl\/index.php?rest_route=\/wp\/v2\/pages\/237\/revisions"}],"predecessor-version":[{"id":541,"href":"https:\/\/mokko.pl\/index.php?rest_route=\/wp\/v2\/pages\/237\/revisions\/541"}],"wp:attachment":[{"href":"https:\/\/mokko.pl\/index.php?rest_route=%2Fwp%2Fv2%2Fmedia&parent=237"}],"curies":[{"name":"wp","href":"https:\/\/api.w.org\/{rel}","templated":true}]}}