{"id":239,"date":"2025-07-07T13:29:54","date_gmt":"2025-07-07T11:29:54","guid":{"rendered":"https:\/\/mokko.pl\/?page_id=239"},"modified":"2025-08-08T10:11:42","modified_gmt":"2025-08-08T08:11:42","slug":"aluprofmb86","status":"publish","type":"page","link":"https:\/\/mokko.pl\/?page_id=239","title":{"rendered":"ALUPROFMB86"},"content":{"rendered":"<div class=\"\" style=\"\" >\n    \n    <section class=\"u-clearfix u-section-2\" id=\"block-1\">\n      <div class=\"u-clearfix u-sheet u-valign-middle-xs u-sheet-1\">\n        <div class=\"u-carousel u-expanded-width u-gallery u-layout-carousel u-lightbox u-no-transition u-show-text-always u-gallery-1\" data-interval=\"5000\" data-u-ride=\"carousel\" id=\"carousel-2ae6\">\n          <ol class=\"u-absolute-hcenter u-carousel-indicators u-carousel-indicators-1\">\n            <li data-u-target=\"#carousel-2ae6\" data-u-slide-to=\"0\" class=\"u-active u-grey-70 u-shape-circle\" style=\"width: 10px; height: 10px;\"><\/li>\n            <li data-u-target=\"#carousel-2ae6\" data-u-slide-to=\"1\" class=\"u-grey-70 u-shape-circle\" style=\"width: 10px; height: 10px;\"><\/li>\n            <li data-u-target=\"#carousel-2ae6\" data-u-slide-to=\"2\" class=\"u-grey-70 u-shape-circle\" style=\"width: 10px; height: 10px;\"><\/li>\n            <li data-u-target=\"#carousel-2ae6\" data-u-slide-to=\"3\" class=\"u-grey-70 u-shape-circle\" style=\"width: 10px; height: 10px;\"><\/li>\n            <li data-u-target=\"#carousel-2ae6\" data-u-slide-to=\"4\" class=\"u-grey-70 u-shape-circle\" style=\"width: 10px; height: 10px;\"><\/li>\n            <li data-u-target=\"#carousel-2ae6\" data-u-slide-to=\"5\" class=\"u-grey-70 u-shape-circle\" style=\"width: 10px; height: 10px;\"><\/li>\n          <\/ol>\n          <div class=\"u-carousel-inner u-gallery-inner u-gallery-inner-1\" role=\"listbox\">\n            <div class=\"u-active u-carousel-item u-gallery-item u-carousel-item-1\">\n              <div class=\"u-back-slide\" data-image-width=\"353\" data-image-height=\"614\">\n                <img decoding=\"async\" class=\"u-back-image u-expanded u-image-contain\" src=\"https:\/\/mokko.pl\/wp-content\/uploads\/2025\/07\/MB86okno.jpg\">\n              <\/div>\n              <div class=\"u-over-slide u-over-slide-1\">\n                <h3 class=\"u-gallery-heading\">MB 86N SI<\/h3>\n                <p class=\"u-gallery-text\">Najcieplejsza wersja - dodatkowe wk\u0142adki termiczne oraz uszczelka \u015brodkowa<\/p>\n              <\/div>\n            <\/div>\n            <div class=\"u-carousel-item u-gallery-item u-carousel-item-2\" data-image-width=\"1679\" data-image-height=\"1200\">\n              <div class=\"u-back-slide\">\n                <img decoding=\"async\" class=\"u-back-image u-expanded u-image-contain\" src=\"https:\/\/mokko.pl\/wp-content\/uploads\/2025\/07\/MB-86NSI_okno.jpg\" alt=\"MB 86N SI\">\n              <\/div>\n              <div class=\"u-over-slide u-over-slide-2\">\n                <h3 class=\"u-gallery-heading\">MB 86N SI<\/h3>\n                <p class=\"u-gallery-text\">Najcieplejsza wersja - dodatkowe wk\u0142adki termiczne oraz uszczelka \u015brodkowa<\/p>\n              <\/div>\n              <style data-mode=\"XL\" data-visited=\"true\"><\/style>\n              <style data-mode=\"LG\"><\/style>\n              <style data-mode=\"MD\"><\/style>\n              <style data-mode=\"SM\"><\/style>\n              <style data-mode=\"XS\"><\/style>\n            <\/div>\n            <div class=\"u-carousel-item u-gallery-item u-carousel-item-3\" data-image-width=\"1679\" data-image-height=\"1200\">\n              <div class=\"u-back-slide\">\n                <img decoding=\"async\" class=\"u-back-image u-expanded u-image-contain\" src=\"https:\/\/mokko.pl\/wp-content\/uploads\/2025\/07\/004_MB-86NST_okno.jpg\" alt=\"MB 86N ST\">\n              <\/div>\n              <div class=\"u-over-slide u-over-slide-3\">\n                <h3 class=\"u-gallery-heading\">MB 86N ST<\/h3>\n                <p class=\"u-gallery-text\">Wersja z dodatkow\u0105 uszczelk\u0105 \u015brodkow\u0105<\/p>\n              <\/div>\n              <style data-mode=\"XL\" data-visited=\"true\"><\/style>\n              <style data-mode=\"LG\"><\/style>\n              <style data-mode=\"MD\"><\/style>\n              <style data-mode=\"SM\"><\/style>\n              <style data-mode=\"XS\"><\/style>\n            <\/div>\n            <div class=\"u-carousel-item u-gallery-item u-carousel-item-4\" data-image-width=\"1679\" data-image-height=\"1200\">\n              <div class=\"u-back-slide\">\n                <img decoding=\"async\" class=\"u-back-image u-expanded u-image-contain\" src=\"https:\/\/mokko.pl\/wp-content\/uploads\/2025\/07\/MB-86NSI_drzwi.jpg\" alt=\"MB 86N SI\">\n              <\/div>\n              <div class=\"u-over-slide u-over-slide-4\">\n                <h3 class=\"u-gallery-heading\">MB 86N SI<\/h3>\n                <p class=\"u-gallery-text\">Wersja drzwiowa z niskim progiem<\/p>\n              <\/div>\n              <style data-mode=\"XL\" data-visited=\"true\"><\/style>\n              <style data-mode=\"LG\"><\/style>\n              <style data-mode=\"MD\"><\/style>\n              <style data-mode=\"SM\"><\/style>\n              <style data-mode=\"XS\"><\/style>\n            <\/div>\n            <div class=\"u-carousel-item u-gallery-item u-carousel-item-5\" data-image-width=\"1679\" data-image-height=\"1200\">\n              <div class=\"u-back-slide\">\n                <img decoding=\"async\" class=\"u-back-image u-expanded u-image-contain\" src=\"https:\/\/mokko.pl\/wp-content\/uploads\/2025\/07\/002_MB-86NSI_drzwi.jpg\" alt=\"MB 86N SI+\">\n              <\/div>\n              <div class=\"u-over-slide u-over-slide-5\">\n                <h3 class=\"u-gallery-heading\">MB 86N SI+<\/h3>\n                <p class=\"u-gallery-text\">Wersja drzwiowa z niskim progiem i uszczelk\u0105 \u015brodkow\u0105<\/p>\n              <\/div>\n              <style data-mode=\"XL\" data-visited=\"true\"><\/style>\n              <style data-mode=\"LG\"><\/style>\n              <style data-mode=\"MD\"><\/style>\n              <style data-mode=\"SM\"><\/style>\n              <style data-mode=\"XS\"><\/style>\n            <\/div>\n            <div class=\"u-carousel-item u-gallery-item u-carousel-item-6\">\n              <div class=\"u-back-slide\" data-image-width=\"1679\" data-image-height=\"1200\">\n                <img decoding=\"async\" class=\"u-back-image u-expanded\" src=\"https:\/\/mokko.pl\/wp-content\/uploads\/2025\/07\/Aluprof_MB-86NSI_drzwi_panelowe.jpg\">\n              <\/div>\n              <div class=\"u-over-slide u-over-slide-6\">\n                <h3 class=\"u-gallery-heading\">MB 86N SI<\/h3>\n                <p class=\"u-gallery-text\">Drzwi z panelem nak\u0142adkowym - idealna wizyt\u00f3wka Twojego domu<\/p>\n              <\/div>\n            <\/div>\n          <\/div>\n          <a class=\"u-absolute-vcenter u-carousel-control u-carousel-control-prev u-grey-70 u-icon-circle u-opacity u-opacity-70 u-spacing-10 u-text-white u-carousel-control-1\" href=\"#carousel-2ae6\" role=\"button\" data-u-slide=\"prev\"><span aria-hidden=\"true\">\n              <svg viewBox=\"0 0 451.847 451.847\"><path d=\"M97.141,225.92c0-8.095,3.091-16.192,9.259-22.366L300.689,9.27c12.359-12.359,32.397-12.359,44.751,0\nc12.354,12.354,12.354,32.388,0,44.748L173.525,225.92l171.903,171.909c12.354,12.354,12.354,32.391,0,44.744\nc-12.354,12.365-32.386,12.365-44.745,0l-194.29-194.281C100.226,242.115,97.141,234.018,97.141,225.92z\"><\/path><\/svg><\/span><span class=\"sr-only\">\n              <svg viewBox=\"0 0 451.847 451.847\"><path d=\"M97.141,225.92c0-8.095,3.091-16.192,9.259-22.366L300.689,9.27c12.359-12.359,32.397-12.359,44.751,0\nc12.354,12.354,12.354,32.388,0,44.748L173.525,225.92l171.903,171.909c12.354,12.354,12.354,32.391,0,44.744\nc-12.354,12.365-32.386,12.365-44.745,0l-194.29-194.281C100.226,242.115,97.141,234.018,97.141,225.92z\"><\/path><\/svg><\/span>\n          <\/a>\n          <a class=\"u-absolute-vcenter u-carousel-control u-carousel-control-next u-grey-70 u-icon-circle u-opacity u-opacity-70 u-spacing-10 u-text-white u-carousel-control-2\" href=\"#carousel-2ae6\" role=\"button\" data-u-slide=\"next\"><span aria-hidden=\"true\">\n              <svg viewBox=\"0 0 451.846 451.847\"><path d=\"M345.441,248.292L151.154,442.573c-12.359,12.365-32.397,12.365-44.75,0c-12.354-12.354-12.354-32.391,0-44.744\nL278.318,225.92L106.409,54.017c-12.354-12.359-12.354-32.394,0-44.748c12.354-12.359,32.391-12.359,44.75,0l194.287,194.284\nc6.177,6.18,9.262,14.271,9.262,22.366C354.708,234.018,351.617,242.115,345.441,248.292z\"><\/path><\/svg><\/span><span class=\"sr-only\">\n              <svg viewBox=\"0 0 451.846 451.847\"><path d=\"M345.441,248.292L151.154,442.573c-12.359,12.365-32.397,12.365-44.75,0c-12.354-12.354-12.354-32.391,0-44.744\nL278.318,225.92L106.409,54.017c-12.354-12.359-12.354-32.394,0-44.748c12.354-12.359,32.391-12.359,44.75,0l194.287,194.284\nc6.177,6.18,9.262,14.271,9.262,22.366C354.708,234.018,351.617,242.115,345.441,248.292z\"><\/path><\/svg><\/span>\n          <\/a>\n        <\/div>\n        <p class=\"u-text u-text-default u-text-1\"><span style=\"font-weight: 700;\">MB-86N \u2013 wi\u0119kszy, starszy brat<\/span>\n          <br>\n          <br>Planujesz budow\u0119 domu i szukasz nowoczesnych, trwa\u0142ych oraz\nciep\u0142ych okien lub drzwi? System <span style=\"font-weight: 700;\">MB-86N<\/span> od Aluprof\nto doskona\u0142e rozwi\u0105zanie, kt\u00f3re spe\u0142ni oczekiwania nawet\nnajbardziej wymagaj\u0105cych inwestor\u00f3w. To wi\u0119ksza wersja systemu MB-79N, pozwala stworzy\u0107 jeszcze wi\u0119ksze drzwi i przeszklenia. Dzi\u0119ki \u015bwietnym parametrom\ntermoizolacyjnym i wysokiej szczelno\u015bci, idealnie sprawdzi si\u0119 w\nnowoczesnym, energooszcz\u0119dnym budownictwie.&nbsp;<br>\n          <br><span style=\"font-weight: 700;\">MB-86N \u2013 dopasowany do Twoich potrzeb&nbsp;<\/span>\n          <br>\n          <br>System dost\u0119pny jest w dw\u00f3ch wariantach konstrukcyjnych \u2013\nMB-86N ST i MB-86N SI, w zale\u017cno\u015bci\nod poziomu wymaga\u0144 dotycz\u0105cych oszcz\u0119dno\u015bci energii cieplnej. Oba\nwarianty oferuj\u0105 solidn\u0105 ochron\u0119 przed utrat\u0105 ciep\u0142a, przy\njednoczesnym zachowaniu wysokiej estetyki i trwa\u0142o\u015bci.&nbsp;<br>\n          <br><span style=\"font-weight: 700;\">Wytrzyma\u0142o\u015b\u0107, kt\u00f3ra daje wi\u0119cej mo\u017cliwo\u015bci&nbsp;<\/span>\n          <br>\n          <br>Dzi\u0119ki wyj\u0105tkowo mocnej konstrukcji profili, MB-86N\npozwala na tworzenie przeszkle\u0144 o du\u017cych gabarytach i\nci\u0119\u017carze, bez kompromis\u00f3w w zakresie stabilno\u015bci czy\nfunkcjonalno\u015bci. To idealne rozwi\u0105zanie dla du\u017cych przeszkle\u0144 w\nsalonie, kuchni czy przy wyj\u015bciu na taras.&nbsp;<br>\n          <br><span style=\"font-weight: 700;\">Nowoczesny design \u2013 ukryte skrzyd\u0142o MB-86US&nbsp;<\/span>\n          <br>\n          <br>Dla os\u00f3b, kt\u00f3re ceni\u0105 minimalistyczny wygl\u0105d, system oferuje\ntak\u017ce wersj\u0119 MB-86US z ukrytym skrzyd\u0142em, co\npozwala uzyska\u0107 smuk\u0142\u0105, eleganck\u0105 lini\u0119 okien od zewn\u0105trz i\nzwi\u0119kszy\u0107 powierzchni\u0119 przeszklenia. \n        <\/p>\n      <\/div>\n    <\/section>\n    \n    \n    \n  \n<\/div>","protected":false},"excerpt":{"rendered":"<p>MB 86N SI Najcieplejsza wersja &#8211; dodatkowe wk\u0142adki termiczne oraz uszczelka \u015brodkowa MB 86N SI Najcieplejsza wersja &#8211; dodatkowe wk\u0142adki termiczne oraz uszczelka \u015brodkowa MB 86N ST Wersja z dodatkow\u0105 uszczelk\u0105 \u015brodkow\u0105 MB 86N SI Wersja drzwiowa z niskim progiem MB 86N SI+ Wersja drzwiowa z niskim progiem i uszczelk\u0105 \u015brodkow\u0105 MB 86N SI Drzwi [&hellip;]<\/p>\n","protected":false},"author":1,"featured_media":0,"parent":0,"menu_order":0,"comment_status":"closed","ping_status":"closed","template":"","meta":{"footnotes":""},"class_list":["post-239","page","type-page","status-publish","hentry"],"yoast_head":"<!-- This site is optimized with the Yoast SEO plugin v25.2 - https:\/\/yoast.com\/wordpress\/plugins\/seo\/ -->\n<title>ALUPROFMB86 - Mokko<\/title>\n<meta name=\"robots\" content=\"index, follow, max-snippet:-1, max-image-preview:large, max-video-preview:-1\" \/>\n<link rel=\"canonical\" href=\"https:\/\/mokko.pl\/?page_id=239\" \/>\n<meta property=\"og:locale\" content=\"pl_PL\" \/>\n<meta property=\"og:type\" content=\"article\" \/>\n<meta property=\"og:title\" content=\"ALUPROFMB86 - Mokko\" \/>\n<meta property=\"og:description\" content=\"MB 86N SI Najcieplejsza wersja - dodatkowe wk\u0142adki termiczne oraz uszczelka \u015brodkowa MB 86N SI Najcieplejsza wersja - dodatkowe wk\u0142adki termiczne oraz uszczelka \u015brodkowa MB 86N ST Wersja z dodatkow\u0105 uszczelk\u0105 \u015brodkow\u0105 MB 86N SI Wersja drzwiowa z niskim progiem MB 86N SI+ Wersja drzwiowa z niskim progiem i uszczelk\u0105 \u015brodkow\u0105 MB 86N SI Drzwi [&hellip;]\" \/>\n<meta property=\"og:url\" content=\"https:\/\/mokko.pl\/?page_id=239\" \/>\n<meta property=\"og:site_name\" content=\"Mokko\" \/>\n<meta property=\"article:modified_time\" content=\"2025-08-08T08:11:42+00:00\" \/>\n<meta name=\"twitter:card\" content=\"summary_large_image\" \/>\n<script type=\"application\/ld+json\" class=\"yoast-schema-graph\">{\"@context\":\"https:\/\/schema.org\",\"@graph\":[{\"@type\":\"WebPage\",\"@id\":\"https:\/\/mokko.pl\/?page_id=239\",\"url\":\"https:\/\/mokko.pl\/?page_id=239\",\"name\":\"ALUPROFMB86 - Mokko\",\"isPartOf\":{\"@id\":\"https:\/\/mokko.pl\/#website\"},\"datePublished\":\"2025-07-07T11:29:54+00:00\",\"dateModified\":\"2025-08-08T08:11:42+00:00\",\"breadcrumb\":{\"@id\":\"https:\/\/mokko.pl\/?page_id=239#breadcrumb\"},\"inLanguage\":\"pl-PL\",\"potentialAction\":[{\"@type\":\"ReadAction\",\"target\":[\"https:\/\/mokko.pl\/?page_id=239\"]}]},{\"@type\":\"BreadcrumbList\",\"@id\":\"https:\/\/mokko.pl\/?page_id=239#breadcrumb\",\"itemListElement\":[{\"@type\":\"ListItem\",\"position\":1,\"name\":\"Home\",\"item\":\"https:\/\/mokko.pl\/\"},{\"@type\":\"ListItem\",\"position\":2,\"name\":\"ALUPROFMB86\"}]},{\"@type\":\"WebSite\",\"@id\":\"https:\/\/mokko.pl\/#website\",\"url\":\"https:\/\/mokko.pl\/\",\"name\":\"Mokko\",\"description\":\"\",\"publisher\":{\"@id\":\"https:\/\/mokko.pl\/#organization\"},\"potentialAction\":[{\"@type\":\"SearchAction\",\"target\":{\"@type\":\"EntryPoint\",\"urlTemplate\":\"https:\/\/mokko.pl\/?s={search_term_string}\"},\"query-input\":{\"@type\":\"PropertyValueSpecification\",\"valueRequired\":true,\"valueName\":\"search_term_string\"}}],\"inLanguage\":\"pl-PL\"},{\"@type\":\"Organization\",\"@id\":\"https:\/\/mokko.pl\/#organization\",\"name\":\"Mokko\",\"url\":\"https:\/\/mokko.pl\/\",\"logo\":{\"@type\":\"ImageObject\",\"inLanguage\":\"pl-PL\",\"@id\":\"https:\/\/mokko.pl\/#\/schema\/logo\/image\/\",\"url\":\"http:\/\/mokko.pl\/wp-content\/uploads\/2025\/07\/logomokko-5.png\",\"contentUrl\":\"http:\/\/mokko.pl\/wp-content\/uploads\/2025\/07\/logomokko-5.png\",\"width\":432,\"height\":122,\"caption\":\"Mokko\"},\"image\":{\"@id\":\"https:\/\/mokko.pl\/#\/schema\/logo\/image\/\"}}]}<\/script>\n<!-- \/ Yoast SEO plugin. -->","yoast_head_json":{"title":"ALUPROFMB86 - Mokko","robots":{"index":"index","follow":"follow","max-snippet":"max-snippet:-1","max-image-preview":"max-image-preview:large","max-video-preview":"max-video-preview:-1"},"canonical":"https:\/\/mokko.pl\/?page_id=239","og_locale":"pl_PL","og_type":"article","og_title":"ALUPROFMB86 - Mokko","og_description":"MB 86N SI Najcieplejsza wersja - dodatkowe wk\u0142adki termiczne oraz uszczelka \u015brodkowa MB 86N SI Najcieplejsza wersja - dodatkowe wk\u0142adki termiczne oraz uszczelka \u015brodkowa MB 86N ST Wersja z dodatkow\u0105 uszczelk\u0105 \u015brodkow\u0105 MB 86N SI Wersja drzwiowa z niskim progiem MB 86N SI+ Wersja drzwiowa z niskim progiem i uszczelk\u0105 \u015brodkow\u0105 MB 86N SI Drzwi [&hellip;]","og_url":"https:\/\/mokko.pl\/?page_id=239","og_site_name":"Mokko","article_modified_time":"2025-08-08T08:11:42+00:00","twitter_card":"summary_large_image","schema":{"@context":"https:\/\/schema.org","@graph":[{"@type":"WebPage","@id":"https:\/\/mokko.pl\/?page_id=239","url":"https:\/\/mokko.pl\/?page_id=239","name":"ALUPROFMB86 - Mokko","isPartOf":{"@id":"https:\/\/mokko.pl\/#website"},"datePublished":"2025-07-07T11:29:54+00:00","dateModified":"2025-08-08T08:11:42+00:00","breadcrumb":{"@id":"https:\/\/mokko.pl\/?page_id=239#breadcrumb"},"inLanguage":"pl-PL","potentialAction":[{"@type":"ReadAction","target":["https:\/\/mokko.pl\/?page_id=239"]}]},{"@type":"BreadcrumbList","@id":"https:\/\/mokko.pl\/?page_id=239#breadcrumb","itemListElement":[{"@type":"ListItem","position":1,"name":"Home","item":"https:\/\/mokko.pl\/"},{"@type":"ListItem","position":2,"name":"ALUPROFMB86"}]},{"@type":"WebSite","@id":"https:\/\/mokko.pl\/#website","url":"https:\/\/mokko.pl\/","name":"Mokko","description":"","publisher":{"@id":"https:\/\/mokko.pl\/#organization"},"potentialAction":[{"@type":"SearchAction","target":{"@type":"EntryPoint","urlTemplate":"https:\/\/mokko.pl\/?s={search_term_string}"},"query-input":{"@type":"PropertyValueSpecification","valueRequired":true,"valueName":"search_term_string"}}],"inLanguage":"pl-PL"},{"@type":"Organization","@id":"https:\/\/mokko.pl\/#organization","name":"Mokko","url":"https:\/\/mokko.pl\/","logo":{"@type":"ImageObject","inLanguage":"pl-PL","@id":"https:\/\/mokko.pl\/#\/schema\/logo\/image\/","url":"http:\/\/mokko.pl\/wp-content\/uploads\/2025\/07\/logomokko-5.png","contentUrl":"http:\/\/mokko.pl\/wp-content\/uploads\/2025\/07\/logomokko-5.png","width":432,"height":122,"caption":"Mokko"},"image":{"@id":"https:\/\/mokko.pl\/#\/schema\/logo\/image\/"}}]}},"_links":{"self":[{"href":"https:\/\/mokko.pl\/index.php?rest_route=\/wp\/v2\/pages\/239","targetHints":{"allow":["GET"]}}],"collection":[{"href":"https:\/\/mokko.pl\/index.php?rest_route=\/wp\/v2\/pages"}],"about":[{"href":"https:\/\/mokko.pl\/index.php?rest_route=\/wp\/v2\/types\/page"}],"author":[{"embeddable":true,"href":"https:\/\/mokko.pl\/index.php?rest_route=\/wp\/v2\/users\/1"}],"replies":[{"embeddable":true,"href":"https:\/\/mokko.pl\/index.php?rest_route=%2Fwp%2Fv2%2Fcomments&post=239"}],"version-history":[{"count":4,"href":"https:\/\/mokko.pl\/index.php?rest_route=\/wp\/v2\/pages\/239\/revisions"}],"predecessor-version":[{"id":679,"href":"https:\/\/mokko.pl\/index.php?rest_route=\/wp\/v2\/pages\/239\/revisions\/679"}],"wp:attachment":[{"href":"https:\/\/mokko.pl\/index.php?rest_route=%2Fwp%2Fv2%2Fmedia&parent=239"}],"curies":[{"name":"wp","href":"https:\/\/api.w.org\/{rel}","templated":true}]}}