{"id":241,"date":"2025-07-07T13:29:08","date_gmt":"2025-07-07T11:29:08","guid":{"rendered":"https:\/\/mokko.pl\/?page_id=241"},"modified":"2025-08-08T10:05:14","modified_gmt":"2025-08-08T08:05:14","slug":"aluprofmb77","status":"publish","type":"page","link":"https:\/\/mokko.pl\/?page_id=241","title":{"rendered":"ALUPROF MB77HS"},"content":{"rendered":"<div class=\"\" style=\"\" >\n    \n    <section class=\"u-clearfix u-valign-middle-lg u-valign-middle-md u-valign-middle-sm u-valign-middle-xs u-section-2\" id=\"block-1\">\n      <div class=\"u-clearfix u-sheet u-valign-middle-lg u-valign-middle-md u-valign-middle-sm u-valign-middle-xl u-sheet-1\">\n        <div class=\"u-carousel u-expanded-width u-gallery u-layout-carousel u-lightbox u-no-transition u-show-text-always u-gallery-1\" data-interval=\"5000\" data-u-ride=\"carousel\" id=\"carousel-79fe\">\n          <ol class=\"u-absolute-hcenter u-carousel-indicators u-carousel-indicators-1\">\n            <li data-u-target=\"#carousel-79fe\" data-u-slide-to=\"0\" class=\"u-active u-grey-70 u-shape-circle\" style=\"width: 10px; height: 10px;\"><\/li>\n            <li data-u-target=\"#carousel-79fe\" data-u-slide-to=\"1\" class=\"u-grey-70 u-shape-circle\" style=\"width: 10px; height: 10px;\"><\/li>\n            <li data-u-target=\"#carousel-79fe\" data-u-slide-to=\"2\" class=\"u-grey-70 u-shape-circle\" style=\"width: 10px; height: 10px;\"><\/li>\n            <li data-u-target=\"#carousel-79fe\" data-u-slide-to=\"3\" class=\"u-grey-70 u-shape-circle\" style=\"width: 10px; height: 10px;\"><\/li>\n            <li data-u-target=\"#carousel-79fe\" data-u-slide-to=\"4\" class=\"u-grey-70 u-shape-circle\" style=\"width: 10px; height: 10px;\"><\/li>\n            <li data-u-target=\"#carousel-79fe\" data-u-slide-to=\"5\" class=\"u-grey-70 u-shape-circle\" style=\"width: 10px; height: 10px;\"><\/li>\n          <\/ol>\n          <div class=\"u-carousel-inner u-gallery-inner u-gallery-inner-1\" role=\"listbox\">\n            <div class=\"u-active u-carousel-item u-gallery-item u-carousel-item-1\">\n              <div class=\"u-back-slide\" data-image-width=\"1679\" data-image-height=\"1200\">\n                <img decoding=\"async\" class=\"u-back-image u-expanded u-image-contain\" src=\"https:\/\/mokko.pl\/wp-content\/uploads\/2025\/07\/013_Aluprof_MB-77HShi.jpg\">\n              <\/div>\n              <div class=\"u-over-slide u-over-slide-1\">\n                <h3 class=\"u-gallery-heading\">Aluprof MB 77HS HI<\/h3>\n                <p class=\"u-gallery-text\">Wersja z wk\u0142adkami termicznymi w profilach, pr\u00f3g ryflowany<\/p>\n              <\/div>\n            <\/div>\n            <div class=\"u-carousel-item u-gallery-item u-carousel-item-2\" data-image-width=\"1000\" data-image-height=\"905\">\n              <div class=\"u-back-slide\">\n                <img decoding=\"async\" class=\"u-back-image u-expanded u-image-contain\" src=\"https:\/\/mokko.pl\/wp-content\/uploads\/2025\/07\/MB-77HS_3_skrzydla_.jpeg\" alt=\"Aluprof MB 77HS HI\">\n              <\/div>\n              <div class=\"u-over-slide u-over-slide-2\">\n                <h3 class=\"u-gallery-heading\">Aluprof MB 77HS HI<\/h3>\n                <p class=\"u-gallery-text\">Wersja z trzema jezdnymi skrzyd\u0142ami<\/p>\n              <\/div>\n              <style data-mode=\"XL\"><\/style>\n              <style data-mode=\"LG\"><\/style>\n              <style data-mode=\"MD\"><\/style>\n              <style data-mode=\"SM\"><\/style>\n              <style data-mode=\"XS\" data-visited=\"true\"><\/style>\n            <\/div>\n            <div class=\"u-carousel-item u-gallery-item u-carousel-item-3\" data-image-width=\"1105\" data-image-height=\"1000\">\n              <div class=\"u-back-slide\">\n                <img decoding=\"async\" class=\"u-back-image u-expanded u-image-contain\" src=\"https:\/\/mokko.pl\/wp-content\/uploads\/2025\/07\/211_MB-77HSnarozny.jpeg\" alt=\"Aluprof MB 77HS\">\n              <\/div>\n              <div class=\"u-over-slide u-over-slide-3\">\n                <h3 class=\"u-gallery-heading\">Aluprof MB 77HS<\/h3>\n                <p class=\"u-gallery-text\">Wersja z rozjezdnym naro\u017cnikiem<\/p>\n              <\/div>\n              <style data-mode=\"XL\"><\/style>\n              <style data-mode=\"LG\"><\/style>\n              <style data-mode=\"MD\"><\/style>\n              <style data-mode=\"SM\"><\/style>\n              <style data-mode=\"XS\" data-visited=\"true\"><\/style>\n            <\/div>\n            <div class=\"u-carousel-item u-gallery-item u-carousel-item-4\">\n              <div class=\"u-back-slide\" data-image-width=\"1500\" data-image-height=\"1072\">\n                <img decoding=\"async\" class=\"u-back-image u-expanded u-image-contain\" src=\"https:\/\/mokko.pl\/wp-content\/uploads\/2025\/07\/MB77MB86kombinacja.jpeg\">\n              <\/div>\n              <div class=\"u-over-slide u-over-slide-4\">\n                <h3 class=\"u-gallery-heading\">Aluprof MB 77HS<\/h3>\n                <p class=\"u-gallery-text\">Po\u0142\u0105czenie naro\u017cne z systemem okiennym MB 86N<\/p>\n              <\/div>\n            <\/div>\n            <div class=\"u-carousel-item u-gallery-item u-carousel-item-5\" data-image-width=\"1500\" data-image-height=\"1072\">\n              <div class=\"u-back-slide\">\n                <img decoding=\"async\" class=\"u-back-image u-expanded u-image-contain\" src=\"https:\/\/mokko.pl\/wp-content\/uploads\/2025\/07\/MB77MB86kombinacjazew.jpeg\" alt=\"Aluprof MB 77HS\">\n              <\/div>\n              <div class=\"u-over-slide u-over-slide-5\">\n                <h3 class=\"u-gallery-heading\">Aluprof MB 77HS<\/h3>\n                <p class=\"u-gallery-text\">Po\u0142\u0105czenie naro\u017cne z systemem okiennym MB 86N <\/p>\n              <\/div>\n              <style data-mode=\"XL\"><\/style>\n              <style data-mode=\"LG\"><\/style>\n              <style data-mode=\"MD\"><\/style>\n              <style data-mode=\"SM\"><\/style>\n              <style data-mode=\"XS\" data-visited=\"true\"><\/style>\n            <\/div>\n            <div class=\"u-carousel-item u-gallery-item u-carousel-item-6\" data-image-width=\"1000\" data-image-height=\"714\">\n              <div class=\"u-back-slide\" data-image-width=\"1000\" data-image-height=\"714\">\n                <img decoding=\"async\" class=\"u-back-image u-expanded u-image-contain\" src=\"https:\/\/mokko.pl\/wp-content\/uploads\/2025\/07\/Aluprof_MB-77HSSR50-1.jpeg\" alt=\"Aluprof MB 77HS\">\n              <\/div>\n              <div class=\"u-over-slide u-over-slide-6\">\n                <h3 class=\"u-gallery-heading\">Aluprof MB 77HS<\/h3>\n                <p class=\"u-gallery-text\">Po\u0142\u0105czenie z systemem fasadowym SR50<\/p>\n              <\/div>\n              <style data-mode=\"XL\"><\/style>\n              <style data-mode=\"LG\"><\/style>\n              <style data-mode=\"MD\"><\/style>\n              <style data-mode=\"SM\"><\/style>\n              <style data-mode=\"XS\" data-visited=\"true\"><\/style>\n            <\/div>\n          <\/div>\n          <a class=\"u-absolute-vcenter u-carousel-control u-carousel-control-prev u-grey-70 u-icon-circle u-opacity u-opacity-70 u-spacing-10 u-text-white u-carousel-control-1\" href=\"#carousel-79fe\" role=\"button\" data-u-slide=\"prev\"><span aria-hidden=\"true\">\n              <svg viewBox=\"0 0 451.847 451.847\"><path d=\"M97.141,225.92c0-8.095,3.091-16.192,9.259-22.366L300.689,9.27c12.359-12.359,32.397-12.359,44.751,0\nc12.354,12.354,12.354,32.388,0,44.748L173.525,225.92l171.903,171.909c12.354,12.354,12.354,32.391,0,44.744\nc-12.354,12.365-32.386,12.365-44.745,0l-194.29-194.281C100.226,242.115,97.141,234.018,97.141,225.92z\"><\/path><\/svg><\/span><span class=\"sr-only\">\n              <svg viewBox=\"0 0 451.847 451.847\"><path d=\"M97.141,225.92c0-8.095,3.091-16.192,9.259-22.366L300.689,9.27c12.359-12.359,32.397-12.359,44.751,0\nc12.354,12.354,12.354,32.388,0,44.748L173.525,225.92l171.903,171.909c12.354,12.354,12.354,32.391,0,44.744\nc-12.354,12.365-32.386,12.365-44.745,0l-194.29-194.281C100.226,242.115,97.141,234.018,97.141,225.92z\"><\/path><\/svg><\/span>\n          <\/a>\n          <a class=\"u-absolute-vcenter u-carousel-control u-carousel-control-next u-grey-70 u-icon-circle u-opacity u-opacity-70 u-spacing-10 u-text-white u-carousel-control-2\" href=\"#carousel-79fe\" role=\"button\" data-u-slide=\"next\"><span aria-hidden=\"true\">\n              <svg viewBox=\"0 0 451.846 451.847\"><path d=\"M345.441,248.292L151.154,442.573c-12.359,12.365-32.397,12.365-44.75,0c-12.354-12.354-12.354-32.391,0-44.744\nL278.318,225.92L106.409,54.017c-12.354-12.359-12.354-32.394,0-44.748c12.354-12.359,32.391-12.359,44.75,0l194.287,194.284\nc6.177,6.18,9.262,14.271,9.262,22.366C354.708,234.018,351.617,242.115,345.441,248.292z\"><\/path><\/svg><\/span><span class=\"sr-only\">\n              <svg viewBox=\"0 0 451.846 451.847\"><path d=\"M345.441,248.292L151.154,442.573c-12.359,12.365-32.397,12.365-44.75,0c-12.354-12.354-12.354-32.391,0-44.744\nL278.318,225.92L106.409,54.017c-12.354-12.359-12.354-32.394,0-44.748c12.354-12.359,32.391-12.359,44.75,0l194.287,194.284\nc6.177,6.18,9.262,14.271,9.262,22.366C354.708,234.018,351.617,242.115,345.441,248.292z\"><\/path><\/svg><\/span>\n          <\/a>\n        <\/div>\n        <p class=\"u-text u-text-1\"> Szukasz\neleganckiego i praktycznego rozwi\u0105zania, kt\u00f3re po\u0142\u0105czy salon z\ntarasem, ogrodem lub ogrodem zimowym?&nbsp;<br><span style=\"font-weight: 700;\">Drzwi\npodnoszono-przesuwne MB-77HS<\/span> to idealna propozycja dla\nnowoczesnych dom\u00f3w i apartament\u00f3w \u2013 \u0142\u0105cz\u0105 przestrze\u0144\nwewn\u0119trzn\u0105 z otoczeniem, zapewniaj\u0105c maksymalny komfort\nu\u017cytkowania i wyj\u0105tkowe do\u015bwietlenie wn\u0119trz.\nDzi\u0119ki temu, \u017ce skrzyd\u0142a w pozycji otwartej <span style=\"font-weight: 700;\">nie zajmuj\u0105\nmiejsca w pomieszczeniu<\/span>, system doskonale sprawdza si\u0119\nzar\u00f3wno w niewielkich przestrzeniach, jak i du\u017cych,\nreprezentacyjnych wn\u0119trzach.&nbsp;<br>\n          <br><span style=\"font-weight: 700;\">Nowoczesna technologia i komfort u\u017cytkowania&nbsp;<\/span>\n          <br>\n          <br><span style=\"font-weight: 700;\">MB-77HS <\/span>nale\u017cy do najbardziej zaawansowanych system\u00f3w w swojej\nklasie. Oferowany jest w dw\u00f3ch wariantach: <br>ST \u2013 standardowa wersja z bardzo dobr\u0105\n\tizolacj\u0105 termiczn\u0105,<br> HI \u2013 wersja o podwy\u017cszonej izolacyjno\u015bci\n\tcieplnej, idealna do dom\u00f3w energooszcz\u0119dnych.<br> Solidna konstrukcja profili umo\u017cliwia tworzenie du\u017cych\nprzeszkle\u0144 \u2013 nawet z ci\u0119\u017ckimi pakietami szybowymi\njedno- lub dwukomorowymi. To oznacza nie tylko efektowny wygl\u0105d, ale\nte\u017c doskona\u0142\u0105 ochron\u0119 ciepln\u0105 i akustyczn\u0105.&nbsp;<br>\n          <br><span style=\"font-weight: 700;\">Minimalizm i elegancja \u2013 wi\u0119cej szk\u0142a, mniej aluminium&nbsp;<\/span>\n          <br>\n          <br>System oferuje r\u00f3wnie\u017c wersje z w\u0105skim s\u0142upkiem,\ngdzie widoczna szeroko\u015b\u0107 profili mi\u0119dzy skrzyd\u0142ami wynosi\njedynie 47,5 mm lub 50 mm. Dzi\u0119ki temu uzyskujesz\nnowoczesny, minimalistyczny wygl\u0105d oraz maksymalny dost\u0119p \u015bwiat\u0142a\ndziennego.&nbsp;<br><span style=\"font-weight: 700;\">MB-77HS<\/span> to rozwi\u0105zanie, kt\u00f3re sprawdzi si\u0119\nzar\u00f3wno w domach jednorodzinnych, jak i w nowoczesnych apartamentach\nczy hotelach \u2013 wsz\u0119dzie tam, gdzie liczy si\u0119 jako\u015b\u0107, komfort i\nestetyka.&nbsp;\n        <\/p>\n      <\/div>\n    <\/section>\n    \n    \n    \n  \n<\/div>","protected":false},"excerpt":{"rendered":"<p>Aluprof MB 77HS HI Wersja z wk\u0142adkami termicznymi w profilach, pr\u00f3g ryflowany Aluprof MB 77HS HI Wersja z trzema jezdnymi skrzyd\u0142ami Aluprof MB 77HS Wersja z rozjezdnym naro\u017cnikiem Aluprof MB 77HS Po\u0142\u0105czenie naro\u017cne z systemem okiennym MB 86N Aluprof MB 77HS Po\u0142\u0105czenie naro\u017cne z systemem okiennym MB 86N Aluprof MB 77HS Po\u0142\u0105czenie z systemem fasadowym [&hellip;]<\/p>\n","protected":false},"author":1,"featured_media":0,"parent":0,"menu_order":0,"comment_status":"closed","ping_status":"closed","template":"","meta":{"footnotes":""},"class_list":["post-241","page","type-page","status-publish","hentry"],"yoast_head":"<!-- This site is optimized with the Yoast SEO plugin v25.2 - https:\/\/yoast.com\/wordpress\/plugins\/seo\/ -->\n<title>ALUPROF MB77HS - Mokko<\/title>\n<meta name=\"robots\" content=\"index, follow, max-snippet:-1, max-image-preview:large, max-video-preview:-1\" \/>\n<link rel=\"canonical\" href=\"https:\/\/mokko.pl\/?page_id=241\" \/>\n<meta property=\"og:locale\" content=\"pl_PL\" \/>\n<meta property=\"og:type\" content=\"article\" \/>\n<meta property=\"og:title\" content=\"ALUPROF MB77HS - Mokko\" \/>\n<meta property=\"og:description\" content=\"Aluprof MB 77HS HI Wersja z wk\u0142adkami termicznymi w profilach, pr\u00f3g ryflowany Aluprof MB 77HS HI Wersja z trzema jezdnymi skrzyd\u0142ami Aluprof MB 77HS Wersja z rozjezdnym naro\u017cnikiem Aluprof MB 77HS Po\u0142\u0105czenie naro\u017cne z systemem okiennym MB 86N Aluprof MB 77HS Po\u0142\u0105czenie naro\u017cne z systemem okiennym MB 86N Aluprof MB 77HS Po\u0142\u0105czenie z systemem fasadowym [&hellip;]\" \/>\n<meta property=\"og:url\" content=\"https:\/\/mokko.pl\/?page_id=241\" \/>\n<meta property=\"og:site_name\" content=\"Mokko\" \/>\n<meta property=\"article:modified_time\" content=\"2025-08-08T08:05:14+00:00\" \/>\n<meta name=\"twitter:card\" content=\"summary_large_image\" \/>\n<meta name=\"twitter:label1\" content=\"Szacowany czas czytania\" \/>\n\t<meta name=\"twitter:data1\" content=\"3 minuty\" \/>\n<script type=\"application\/ld+json\" class=\"yoast-schema-graph\">{\"@context\":\"https:\/\/schema.org\",\"@graph\":[{\"@type\":\"WebPage\",\"@id\":\"https:\/\/mokko.pl\/?page_id=241\",\"url\":\"https:\/\/mokko.pl\/?page_id=241\",\"name\":\"ALUPROF MB77HS - Mokko\",\"isPartOf\":{\"@id\":\"https:\/\/mokko.pl\/#website\"},\"datePublished\":\"2025-07-07T11:29:08+00:00\",\"dateModified\":\"2025-08-08T08:05:14+00:00\",\"breadcrumb\":{\"@id\":\"https:\/\/mokko.pl\/?page_id=241#breadcrumb\"},\"inLanguage\":\"pl-PL\",\"potentialAction\":[{\"@type\":\"ReadAction\",\"target\":[\"https:\/\/mokko.pl\/?page_id=241\"]}]},{\"@type\":\"BreadcrumbList\",\"@id\":\"https:\/\/mokko.pl\/?page_id=241#breadcrumb\",\"itemListElement\":[{\"@type\":\"ListItem\",\"position\":1,\"name\":\"Home\",\"item\":\"https:\/\/mokko.pl\/\"},{\"@type\":\"ListItem\",\"position\":2,\"name\":\"ALUPROF MB77HS\"}]},{\"@type\":\"WebSite\",\"@id\":\"https:\/\/mokko.pl\/#website\",\"url\":\"https:\/\/mokko.pl\/\",\"name\":\"Mokko\",\"description\":\"\",\"publisher\":{\"@id\":\"https:\/\/mokko.pl\/#organization\"},\"potentialAction\":[{\"@type\":\"SearchAction\",\"target\":{\"@type\":\"EntryPoint\",\"urlTemplate\":\"https:\/\/mokko.pl\/?s={search_term_string}\"},\"query-input\":{\"@type\":\"PropertyValueSpecification\",\"valueRequired\":true,\"valueName\":\"search_term_string\"}}],\"inLanguage\":\"pl-PL\"},{\"@type\":\"Organization\",\"@id\":\"https:\/\/mokko.pl\/#organization\",\"name\":\"Mokko\",\"url\":\"https:\/\/mokko.pl\/\",\"logo\":{\"@type\":\"ImageObject\",\"inLanguage\":\"pl-PL\",\"@id\":\"https:\/\/mokko.pl\/#\/schema\/logo\/image\/\",\"url\":\"http:\/\/mokko.pl\/wp-content\/uploads\/2025\/07\/logomokko-5.png\",\"contentUrl\":\"http:\/\/mokko.pl\/wp-content\/uploads\/2025\/07\/logomokko-5.png\",\"width\":432,\"height\":122,\"caption\":\"Mokko\"},\"image\":{\"@id\":\"https:\/\/mokko.pl\/#\/schema\/logo\/image\/\"}}]}<\/script>\n<!-- \/ Yoast SEO plugin. -->","yoast_head_json":{"title":"ALUPROF MB77HS - Mokko","robots":{"index":"index","follow":"follow","max-snippet":"max-snippet:-1","max-image-preview":"max-image-preview:large","max-video-preview":"max-video-preview:-1"},"canonical":"https:\/\/mokko.pl\/?page_id=241","og_locale":"pl_PL","og_type":"article","og_title":"ALUPROF MB77HS - Mokko","og_description":"Aluprof MB 77HS HI Wersja z wk\u0142adkami termicznymi w profilach, pr\u00f3g ryflowany Aluprof MB 77HS HI Wersja z trzema jezdnymi skrzyd\u0142ami Aluprof MB 77HS Wersja z rozjezdnym naro\u017cnikiem Aluprof MB 77HS Po\u0142\u0105czenie naro\u017cne z systemem okiennym MB 86N Aluprof MB 77HS Po\u0142\u0105czenie naro\u017cne z systemem okiennym MB 86N Aluprof MB 77HS Po\u0142\u0105czenie z systemem fasadowym [&hellip;]","og_url":"https:\/\/mokko.pl\/?page_id=241","og_site_name":"Mokko","article_modified_time":"2025-08-08T08:05:14+00:00","twitter_card":"summary_large_image","twitter_misc":{"Szacowany czas czytania":"3 minuty"},"schema":{"@context":"https:\/\/schema.org","@graph":[{"@type":"WebPage","@id":"https:\/\/mokko.pl\/?page_id=241","url":"https:\/\/mokko.pl\/?page_id=241","name":"ALUPROF MB77HS - Mokko","isPartOf":{"@id":"https:\/\/mokko.pl\/#website"},"datePublished":"2025-07-07T11:29:08+00:00","dateModified":"2025-08-08T08:05:14+00:00","breadcrumb":{"@id":"https:\/\/mokko.pl\/?page_id=241#breadcrumb"},"inLanguage":"pl-PL","potentialAction":[{"@type":"ReadAction","target":["https:\/\/mokko.pl\/?page_id=241"]}]},{"@type":"BreadcrumbList","@id":"https:\/\/mokko.pl\/?page_id=241#breadcrumb","itemListElement":[{"@type":"ListItem","position":1,"name":"Home","item":"https:\/\/mokko.pl\/"},{"@type":"ListItem","position":2,"name":"ALUPROF MB77HS"}]},{"@type":"WebSite","@id":"https:\/\/mokko.pl\/#website","url":"https:\/\/mokko.pl\/","name":"Mokko","description":"","publisher":{"@id":"https:\/\/mokko.pl\/#organization"},"potentialAction":[{"@type":"SearchAction","target":{"@type":"EntryPoint","urlTemplate":"https:\/\/mokko.pl\/?s={search_term_string}"},"query-input":{"@type":"PropertyValueSpecification","valueRequired":true,"valueName":"search_term_string"}}],"inLanguage":"pl-PL"},{"@type":"Organization","@id":"https:\/\/mokko.pl\/#organization","name":"Mokko","url":"https:\/\/mokko.pl\/","logo":{"@type":"ImageObject","inLanguage":"pl-PL","@id":"https:\/\/mokko.pl\/#\/schema\/logo\/image\/","url":"http:\/\/mokko.pl\/wp-content\/uploads\/2025\/07\/logomokko-5.png","contentUrl":"http:\/\/mokko.pl\/wp-content\/uploads\/2025\/07\/logomokko-5.png","width":432,"height":122,"caption":"Mokko"},"image":{"@id":"https:\/\/mokko.pl\/#\/schema\/logo\/image\/"}}]}},"_links":{"self":[{"href":"https:\/\/mokko.pl\/index.php?rest_route=\/wp\/v2\/pages\/241","targetHints":{"allow":["GET"]}}],"collection":[{"href":"https:\/\/mokko.pl\/index.php?rest_route=\/wp\/v2\/pages"}],"about":[{"href":"https:\/\/mokko.pl\/index.php?rest_route=\/wp\/v2\/types\/page"}],"author":[{"embeddable":true,"href":"https:\/\/mokko.pl\/index.php?rest_route=\/wp\/v2\/users\/1"}],"replies":[{"embeddable":true,"href":"https:\/\/mokko.pl\/index.php?rest_route=%2Fwp%2Fv2%2Fcomments&post=241"}],"version-history":[{"count":6,"href":"https:\/\/mokko.pl\/index.php?rest_route=\/wp\/v2\/pages\/241\/revisions"}],"predecessor-version":[{"id":678,"href":"https:\/\/mokko.pl\/index.php?rest_route=\/wp\/v2\/pages\/241\/revisions\/678"}],"wp:attachment":[{"href":"https:\/\/mokko.pl\/index.php?rest_route=%2Fwp%2Fv2%2Fmedia&parent=241"}],"curies":[{"name":"wp","href":"https:\/\/api.w.org\/{rel}","templated":true}]}}