{"id":243,"date":"2025-07-07T13:29:40","date_gmt":"2025-07-07T11:29:40","guid":{"rendered":"https:\/\/mokko.pl\/?page_id=243"},"modified":"2025-08-08T10:08:30","modified_gmt":"2025-08-08T08:08:30","slug":"aluprofmb82","status":"publish","type":"page","link":"https:\/\/mokko.pl\/?page_id=243","title":{"rendered":"ALUPROFMB82"},"content":{"rendered":"<div class=\"\" style=\"\" >\n    \n    <section class=\"u-clearfix u-section-2\" id=\"block-1\">\n      <div class=\"u-clearfix u-sheet u-valign-middle-lg u-valign-middle-md u-valign-middle-sm u-valign-middle-xl u-sheet-1\">\n        <div class=\"u-carousel u-expanded-width u-gallery u-layout-carousel u-lightbox u-no-transition u-show-text-always u-gallery-1\" data-interval=\"5000\" data-u-ride=\"carousel\" id=\"carousel-aa49\">\n          <ol class=\"u-absolute-hcenter u-carousel-indicators u-carousel-indicators-1\">\n            <li data-u-target=\"#carousel-aa49\" data-u-slide-to=\"0\" class=\"u-active u-grey-70 u-shape-circle\" style=\"width: 10px; height: 10px;\"><\/li>\n            <li data-u-target=\"#carousel-aa49\" data-u-slide-to=\"1\" class=\"u-grey-70 u-shape-circle\" style=\"width: 10px; height: 10px;\"><\/li>\n            <li data-u-target=\"#carousel-aa49\" data-u-slide-to=\"2\" class=\"u-grey-70 u-shape-circle\" style=\"width: 10px; height: 10px;\"><\/li>\n          <\/ol>\n          <div class=\"u-carousel-inner u-gallery-inner u-gallery-inner-1\" role=\"listbox\">\n            <div class=\"u-active u-carousel-item u-gallery-item u-carousel-item-1\">\n              <div class=\"u-back-slide\" data-image-width=\"1800\" data-image-height=\"1200\">\n                <img decoding=\"async\" class=\"u-back-image u-expanded u-image-contain\" src=\"https:\/\/mokko.pl\/wp-content\/uploads\/2025\/07\/MB-82HS_slupek_si.jpg\">\n              <\/div>\n              <div class=\"u-over-slide u-over-slide-1\">\n                <h3 class=\"u-gallery-heading\">Aluprof MB 82HS SI<\/h3>\n                <p class=\"u-gallery-text\">Wersja z szerokim s\u0142upkiem <\/p>\n              <\/div>\n            <\/div>\n            <div class=\"u-carousel-item u-gallery-item u-carousel-item-2\">\n              <div class=\"u-back-slide\" data-image-width=\"1800\" data-image-height=\"1200\">\n                <img decoding=\"async\" class=\"u-back-image u-expanded u-image-contain\" src=\"https:\/\/mokko.pl\/wp-content\/uploads\/2025\/07\/MB-82HS_waski_slupek.jpg\">\n              <\/div>\n              <div class=\"u-over-slide u-over-slide-2\">\n                <h3 class=\"u-gallery-heading\">Aluprof MB 82HS SI<\/h3>\n                <p class=\"u-gallery-text\">Wersja z w\u0105skim s\u0142upkiem<\/p>\n              <\/div>\n            <\/div>\n            <div class=\"u-carousel-item u-gallery-item u-carousel-item-3\" data-image-width=\"1800\" data-image-height=\"1200\">\n              <div class=\"u-back-slide\">\n                <img decoding=\"async\" class=\"u-back-image u-expanded u-image-contain\" src=\"https:\/\/mokko.pl\/wp-content\/uploads\/2025\/07\/MB-82HS_gra.jpg\" alt=\"Aluprof MB 82HS\">\n              <\/div>\n              <div class=\"u-over-slide u-over-slide-3\">\n                <h3 class=\"u-gallery-heading\">Aluprof MB 82HS<\/h3>\n                <p class=\"u-gallery-text\">Widok belki nadpro\u017cowej<\/p>\n              <\/div>\n              <style data-mode=\"XL\" data-visited=\"true\"><\/style>\n              <style data-mode=\"LG\"><\/style>\n              <style data-mode=\"MD\"><\/style>\n              <style data-mode=\"SM\"><\/style>\n              <style data-mode=\"XS\" data-visited=\"true\"><\/style>\n            <\/div>\n          <\/div>\n          <a class=\"u-absolute-vcenter u-carousel-control u-carousel-control-prev u-grey-70 u-icon-circle u-opacity u-opacity-70 u-spacing-10 u-text-white u-carousel-control-1\" href=\"#carousel-aa49\" role=\"button\" data-u-slide=\"prev\"><span aria-hidden=\"true\">\n              <svg viewBox=\"0 0 451.847 451.847\"><path d=\"M97.141,225.92c0-8.095,3.091-16.192,9.259-22.366L300.689,9.27c12.359-12.359,32.397-12.359,44.751,0\nc12.354,12.354,12.354,32.388,0,44.748L173.525,225.92l171.903,171.909c12.354,12.354,12.354,32.391,0,44.744\nc-12.354,12.365-32.386,12.365-44.745,0l-194.29-194.281C100.226,242.115,97.141,234.018,97.141,225.92z\"><\/path><\/svg><\/span><span class=\"sr-only\">\n              <svg viewBox=\"0 0 451.847 451.847\"><path d=\"M97.141,225.92c0-8.095,3.091-16.192,9.259-22.366L300.689,9.27c12.359-12.359,32.397-12.359,44.751,0\nc12.354,12.354,12.354,32.388,0,44.748L173.525,225.92l171.903,171.909c12.354,12.354,12.354,32.391,0,44.744\nc-12.354,12.365-32.386,12.365-44.745,0l-194.29-194.281C100.226,242.115,97.141,234.018,97.141,225.92z\"><\/path><\/svg><\/span>\n          <\/a>\n          <a class=\"u-absolute-vcenter u-carousel-control u-carousel-control-next u-grey-70 u-icon-circle u-opacity u-opacity-70 u-spacing-10 u-text-white u-carousel-control-2\" href=\"#carousel-aa49\" role=\"button\" data-u-slide=\"next\"><span aria-hidden=\"true\">\n              <svg viewBox=\"0 0 451.846 451.847\"><path d=\"M345.441,248.292L151.154,442.573c-12.359,12.365-32.397,12.365-44.75,0c-12.354-12.354-12.354-32.391,0-44.744\nL278.318,225.92L106.409,54.017c-12.354-12.359-12.354-32.394,0-44.748c12.354-12.359,32.391-12.359,44.75,0l194.287,194.284\nc6.177,6.18,9.262,14.271,9.262,22.366C354.708,234.018,351.617,242.115,345.441,248.292z\"><\/path><\/svg><\/span><span class=\"sr-only\">\n              <svg viewBox=\"0 0 451.846 451.847\"><path d=\"M345.441,248.292L151.154,442.573c-12.359,12.365-32.397,12.365-44.75,0c-12.354-12.354-12.354-32.391,0-44.744\nL278.318,225.92L106.409,54.017c-12.354-12.359-12.354-32.394,0-44.748c12.354-12.359,32.391-12.359,44.75,0l194.287,194.284\nc6.177,6.18,9.262,14.271,9.262,22.366C354.708,234.018,351.617,242.115,345.441,248.292z\"><\/path><\/svg><\/span>\n          <\/a>\n        <\/div>\n        <p class=\"u-text u-text-default u-text-1\"><span style=\"font-weight: 700;\">MB\u201182HS \u2013 drzwi podnoszono\u2011przesuwne nowej generacji od Aluprof&nbsp;<\/span>\n          <br>\n          <br>Aluprof, mistrz technologii HST, wyci\u0105ga wnioski z sukcesu MB\u201177HS i si\u0119ga dalej \u2013 prezentuj\u0105c MB\u201182HS, system drzwi podnoszono\u2011przesuwnych, kt\u00f3ry \u0142\u0105czy minimalistyczny design z wybitnymi parametrami u\u017cytkowymi.&nbsp;<br>Parametry techniczne i w\u0142a\u015bciwo\u015bci <br> G\u0142\u0119boko\u015b\u0107 profili: 82\u202fmm (skrzyd\u0142o), 186\u202fmm (o\u015bcie\u017cnica)<br> Zakres szklenia: Skrzyd\u0142o 18\u201366\u202fmm, sta\u0142e panele 36\u201365\u202fmm<br> Maks. wymiary i masa skrzyd\u0142a: 3,24\u202f\u00d7\u202f3,3\u202fm i do 600\u202fkg&nbsp;<br> Izolacja termiczna Uw: od 0,60\u202fW\/(m\u00b2K)&nbsp;<br> Wodoszczelno\u015b\u0107: min. 750\u202fPa (wersja High Performance nawet do 1\u202f800\u202fPa)&nbsp;<br> Przepuszczalno\u015b\u0107 powietrza: klasa\u202f4 (PN\u2011EN\u202f12207)<br> Odporno\u015b\u0107 na wiatr: od 1\u202f200\u202fPa do 2\u202f400\u202fPa&nbsp;<br> Warianty termiczne: ST, SI i SI+ \u2013 s\u0142upek SI+ niweluje kondensacj\u0119 powierzchniow\u0105 na mrozie&nbsp;<br>\n          <br><span style=\"font-weight: 700;\">Design i komfort u\u017cytkowania&nbsp;<\/span>\n          <br>Minimalistyczny wygl\u0105d: w\u0105ski zlicowany s\u0142upek, brak listew maskuj\u0105cych, \u201ezerowy pr\u00f3g\u201d o wysoko\u015bci 4\u202fmm \u2013 p\u0142ynne przej\u015bcie mi\u0119dzy wn\u0119trzem a ogrodem<br> Bezprogowy dost\u0119p: bez barier \u2013 idealny dla dzieci, os\u00f3b starszych i os\u00f3b z niepe\u0142nosprawno\u015bci\u0105<br> Kompatybilno\u015b\u0107 systemowa: \u0142\u0105czy si\u0119 z systemami MB\u201179N, MB\u201186N i MB\u2011104 Passive za pomoc\u0105 dedykowanych profili&nbsp;<br> Nowoczesna prefabrykacja: uproszczone odwodnienie, proste skr\u0119cane o\u015bcie\u017cnice, mo\u017cliwo\u015b\u0107 monta\u017cu kwater sta\u0142ych od zewn\u0105trz oraz kompensacyjny profil przeciwko obci\u0105\u017ceniu stropu&nbsp;<br>\n          <br><span style=\"font-weight: 700;\">Dlaczego MB\u201182HS wyr\u00f3\u017cnia si\u0119 na tle konkurencji?&nbsp;<\/span>\n          <br>\n          <br>Panoramiczne widoki dzi\u0119ki imponuj\u0105cym wymiarom szklenia i minimalnym ramom <br> Komfort termiczny i eksploatacyjny \u2013 niskie Uw, wysoka klasa szczelno\u015bci i izolacja oraz bezprogowy dost\u0119p <br> Trwa\u0142o\u015b\u0107 i odporno\u015b\u0107 \u2013 stalowe wzmocnienia, testowane standardy antykondensacyjne, wysoka odporno\u015b\u0107 na wiatr i deszcz <br> Elastyczno\u015b\u0107 monta\u017cu \u2013 r\u0119czne lub automatyczne sterowanie, szeroki wyb\u00f3r oku\u0107 i opcja dopasowania do inteligentnego domu <br>\n          <br>MB-82HS to idealny wyb\u00f3r dla Twojego domu\nMB\u201182HS to synonim nowoczesnego stylu, komfortu i oszcz\u0119dno\u015bci. Drzwi, kt\u00f3re zapewniaj\u0105:\nefektowny wygl\u0105d panoramicznych przeszkle\u0144, bezprogowy komfort \u017cycia, wysok\u0105 efektywno\u015b\u0107 energetyczn\u0105 \u2013 Uw od 0,60\u202fW\/m\u00b2\u202fK, <br> solidn\u0105 konstrukcj\u0119 przetestowan\u0105 do 1\u202f800\u202fPa na wod\u0119 i 2\u202f400\u202fPa na wiatr. <br> To rozwi\u0105zanie doskona\u0142e dla inwestor\u00f3w, kt\u00f3rzy pragn\u0105 estetyki, funkcjonalno\u015bci i energooszcz\u0119dno\u015bci bez kompromis\u00f3w. \n        <\/p>\n      <\/div>\n    <\/section>\n    \n    \n    \n  \n<\/div>","protected":false},"excerpt":{"rendered":"<p>Aluprof MB 82HS SI Wersja z szerokim s\u0142upkiem Aluprof MB 82HS SI Wersja z w\u0105skim s\u0142upkiem Aluprof MB 82HS Widok belki nadpro\u017cowej MB\u201182HS \u2013 drzwi podnoszono\u2011przesuwne nowej generacji od Aluprof&nbsp; Aluprof, mistrz technologii HST, wyci\u0105ga wnioski z sukcesu MB\u201177HS i si\u0119ga dalej \u2013 prezentuj\u0105c MB\u201182HS, system drzwi podnoszono\u2011przesuwnych, kt\u00f3ry \u0142\u0105czy minimalistyczny design z wybitnymi parametrami [&hellip;]<\/p>\n","protected":false},"author":1,"featured_media":0,"parent":0,"menu_order":0,"comment_status":"closed","ping_status":"closed","template":"","meta":{"footnotes":""},"class_list":["post-243","page","type-page","status-publish","hentry"],"yoast_head":"<!-- This site is optimized with the Yoast SEO plugin v25.2 - https:\/\/yoast.com\/wordpress\/plugins\/seo\/ -->\n<title>ALUPROFMB82 - Mokko<\/title>\n<meta name=\"robots\" content=\"index, follow, max-snippet:-1, max-image-preview:large, max-video-preview:-1\" \/>\n<link rel=\"canonical\" href=\"https:\/\/mokko.pl\/?page_id=243\" \/>\n<meta property=\"og:locale\" content=\"pl_PL\" \/>\n<meta property=\"og:type\" content=\"article\" \/>\n<meta property=\"og:title\" content=\"ALUPROFMB82 - Mokko\" \/>\n<meta property=\"og:description\" content=\"Aluprof MB 82HS SI Wersja z szerokim s\u0142upkiem Aluprof MB 82HS SI Wersja z w\u0105skim s\u0142upkiem Aluprof MB 82HS Widok belki nadpro\u017cowej MB\u201182HS \u2013 drzwi podnoszono\u2011przesuwne nowej generacji od Aluprof&nbsp; Aluprof, mistrz technologii HST, wyci\u0105ga wnioski z sukcesu MB\u201177HS i si\u0119ga dalej \u2013 prezentuj\u0105c MB\u201182HS, system drzwi podnoszono\u2011przesuwnych, kt\u00f3ry \u0142\u0105czy minimalistyczny design z wybitnymi parametrami [&hellip;]\" \/>\n<meta property=\"og:url\" content=\"https:\/\/mokko.pl\/?page_id=243\" \/>\n<meta property=\"og:site_name\" content=\"Mokko\" \/>\n<meta property=\"article:modified_time\" content=\"2025-08-08T08:08:30+00:00\" \/>\n<meta name=\"twitter:card\" content=\"summary_large_image\" \/>\n<meta name=\"twitter:label1\" content=\"Szacowany czas czytania\" \/>\n\t<meta name=\"twitter:data1\" content=\"2 minuty\" \/>\n<script type=\"application\/ld+json\" class=\"yoast-schema-graph\">{\"@context\":\"https:\/\/schema.org\",\"@graph\":[{\"@type\":\"WebPage\",\"@id\":\"https:\/\/mokko.pl\/?page_id=243\",\"url\":\"https:\/\/mokko.pl\/?page_id=243\",\"name\":\"ALUPROFMB82 - Mokko\",\"isPartOf\":{\"@id\":\"https:\/\/mokko.pl\/#website\"},\"datePublished\":\"2025-07-07T11:29:40+00:00\",\"dateModified\":\"2025-08-08T08:08:30+00:00\",\"breadcrumb\":{\"@id\":\"https:\/\/mokko.pl\/?page_id=243#breadcrumb\"},\"inLanguage\":\"pl-PL\",\"potentialAction\":[{\"@type\":\"ReadAction\",\"target\":[\"https:\/\/mokko.pl\/?page_id=243\"]}]},{\"@type\":\"BreadcrumbList\",\"@id\":\"https:\/\/mokko.pl\/?page_id=243#breadcrumb\",\"itemListElement\":[{\"@type\":\"ListItem\",\"position\":1,\"name\":\"Home\",\"item\":\"https:\/\/mokko.pl\/\"},{\"@type\":\"ListItem\",\"position\":2,\"name\":\"ALUPROFMB82\"}]},{\"@type\":\"WebSite\",\"@id\":\"https:\/\/mokko.pl\/#website\",\"url\":\"https:\/\/mokko.pl\/\",\"name\":\"Mokko\",\"description\":\"\",\"publisher\":{\"@id\":\"https:\/\/mokko.pl\/#organization\"},\"potentialAction\":[{\"@type\":\"SearchAction\",\"target\":{\"@type\":\"EntryPoint\",\"urlTemplate\":\"https:\/\/mokko.pl\/?s={search_term_string}\"},\"query-input\":{\"@type\":\"PropertyValueSpecification\",\"valueRequired\":true,\"valueName\":\"search_term_string\"}}],\"inLanguage\":\"pl-PL\"},{\"@type\":\"Organization\",\"@id\":\"https:\/\/mokko.pl\/#organization\",\"name\":\"Mokko\",\"url\":\"https:\/\/mokko.pl\/\",\"logo\":{\"@type\":\"ImageObject\",\"inLanguage\":\"pl-PL\",\"@id\":\"https:\/\/mokko.pl\/#\/schema\/logo\/image\/\",\"url\":\"http:\/\/mokko.pl\/wp-content\/uploads\/2025\/07\/logomokko-5.png\",\"contentUrl\":\"http:\/\/mokko.pl\/wp-content\/uploads\/2025\/07\/logomokko-5.png\",\"width\":432,\"height\":122,\"caption\":\"Mokko\"},\"image\":{\"@id\":\"https:\/\/mokko.pl\/#\/schema\/logo\/image\/\"}}]}<\/script>\n<!-- \/ Yoast SEO plugin. -->","yoast_head_json":{"title":"ALUPROFMB82 - Mokko","robots":{"index":"index","follow":"follow","max-snippet":"max-snippet:-1","max-image-preview":"max-image-preview:large","max-video-preview":"max-video-preview:-1"},"canonical":"https:\/\/mokko.pl\/?page_id=243","og_locale":"pl_PL","og_type":"article","og_title":"ALUPROFMB82 - Mokko","og_description":"Aluprof MB 82HS SI Wersja z szerokim s\u0142upkiem Aluprof MB 82HS SI Wersja z w\u0105skim s\u0142upkiem Aluprof MB 82HS Widok belki nadpro\u017cowej MB\u201182HS \u2013 drzwi podnoszono\u2011przesuwne nowej generacji od Aluprof&nbsp; Aluprof, mistrz technologii HST, wyci\u0105ga wnioski z sukcesu MB\u201177HS i si\u0119ga dalej \u2013 prezentuj\u0105c MB\u201182HS, system drzwi podnoszono\u2011przesuwnych, kt\u00f3ry \u0142\u0105czy minimalistyczny design z wybitnymi parametrami [&hellip;]","og_url":"https:\/\/mokko.pl\/?page_id=243","og_site_name":"Mokko","article_modified_time":"2025-08-08T08:08:30+00:00","twitter_card":"summary_large_image","twitter_misc":{"Szacowany czas czytania":"2 minuty"},"schema":{"@context":"https:\/\/schema.org","@graph":[{"@type":"WebPage","@id":"https:\/\/mokko.pl\/?page_id=243","url":"https:\/\/mokko.pl\/?page_id=243","name":"ALUPROFMB82 - Mokko","isPartOf":{"@id":"https:\/\/mokko.pl\/#website"},"datePublished":"2025-07-07T11:29:40+00:00","dateModified":"2025-08-08T08:08:30+00:00","breadcrumb":{"@id":"https:\/\/mokko.pl\/?page_id=243#breadcrumb"},"inLanguage":"pl-PL","potentialAction":[{"@type":"ReadAction","target":["https:\/\/mokko.pl\/?page_id=243"]}]},{"@type":"BreadcrumbList","@id":"https:\/\/mokko.pl\/?page_id=243#breadcrumb","itemListElement":[{"@type":"ListItem","position":1,"name":"Home","item":"https:\/\/mokko.pl\/"},{"@type":"ListItem","position":2,"name":"ALUPROFMB82"}]},{"@type":"WebSite","@id":"https:\/\/mokko.pl\/#website","url":"https:\/\/mokko.pl\/","name":"Mokko","description":"","publisher":{"@id":"https:\/\/mokko.pl\/#organization"},"potentialAction":[{"@type":"SearchAction","target":{"@type":"EntryPoint","urlTemplate":"https:\/\/mokko.pl\/?s={search_term_string}"},"query-input":{"@type":"PropertyValueSpecification","valueRequired":true,"valueName":"search_term_string"}}],"inLanguage":"pl-PL"},{"@type":"Organization","@id":"https:\/\/mokko.pl\/#organization","name":"Mokko","url":"https:\/\/mokko.pl\/","logo":{"@type":"ImageObject","inLanguage":"pl-PL","@id":"https:\/\/mokko.pl\/#\/schema\/logo\/image\/","url":"http:\/\/mokko.pl\/wp-content\/uploads\/2025\/07\/logomokko-5.png","contentUrl":"http:\/\/mokko.pl\/wp-content\/uploads\/2025\/07\/logomokko-5.png","width":432,"height":122,"caption":"Mokko"},"image":{"@id":"https:\/\/mokko.pl\/#\/schema\/logo\/image\/"}}]}},"_links":{"self":[{"href":"https:\/\/mokko.pl\/index.php?rest_route=\/wp\/v2\/pages\/243","targetHints":{"allow":["GET"]}}],"collection":[{"href":"https:\/\/mokko.pl\/index.php?rest_route=\/wp\/v2\/pages"}],"about":[{"href":"https:\/\/mokko.pl\/index.php?rest_route=\/wp\/v2\/types\/page"}],"author":[{"embeddable":true,"href":"https:\/\/mokko.pl\/index.php?rest_route=\/wp\/v2\/users\/1"}],"replies":[{"embeddable":true,"href":"https:\/\/mokko.pl\/index.php?rest_route=%2Fwp%2Fv2%2Fcomments&post=243"}],"version-history":[{"count":2,"href":"https:\/\/mokko.pl\/index.php?rest_route=\/wp\/v2\/pages\/243\/revisions"}],"predecessor-version":[{"id":545,"href":"https:\/\/mokko.pl\/index.php?rest_route=\/wp\/v2\/pages\/243\/revisions\/545"}],"wp:attachment":[{"href":"https:\/\/mokko.pl\/index.php?rest_route=%2Fwp%2Fv2%2Fmedia&parent=243"}],"curies":[{"name":"wp","href":"https:\/\/api.w.org\/{rel}","templated":true}]}}