{"id":251,"date":"2025-07-07T13:30:08","date_gmt":"2025-07-07T11:30:08","guid":{"rendered":"https:\/\/mokko.pl\/?page_id=251"},"modified":"2025-08-08T10:12:35","modified_gmt":"2025-08-08T08:12:35","slug":"avo","status":"publish","type":"page","link":"https:\/\/mokko.pl\/?page_id=251","title":{"rendered":"AVO"},"content":{"rendered":"<div class=\"\" style=\"\" >\n    \n    <section class=\"u-clearfix u-section-2\" id=\"block-1\">\n      <div class=\"u-clearfix u-sheet u-sheet-1\">\n        <div class=\"u-carousel u-gallery u-layout-carousel u-lightbox u-no-transition u-show-text-always u-gallery-1\" data-interval=\"5000\" data-u-ride=\"carousel\" id=\"carousel-b3f6\">\n          <ol class=\"u-absolute-hcenter u-carousel-indicators u-carousel-indicators-1\">\n            <li data-u-target=\"#carousel-b3f6\" data-u-slide-to=\"0\" class=\"u-active u-grey-70 u-shape-circle\" style=\"width: 10px; height: 10px;\"><\/li>\n            <li data-u-target=\"#carousel-b3f6\" data-u-slide-to=\"1\" class=\"u-grey-70 u-shape-circle\" style=\"width: 10px; height: 10px;\"><\/li>\n            <li data-u-target=\"#carousel-b3f6\" data-u-slide-to=\"2\" class=\"u-grey-70 u-shape-circle\" style=\"width: 10px; height: 10px;\"><\/li>\n          <\/ol>\n          <div class=\"u-carousel-inner u-gallery-inner u-gallery-inner-1\" role=\"listbox\">\n            <div class=\"u-active u-carousel-item u-gallery-item u-carousel-item-1\">\n              <div class=\"u-back-slide\" data-image-width=\"1481\" data-image-height=\"727\">\n                <img decoding=\"async\" class=\"u-back-image u-expanded u-image-contain\" src=\"https:\/\/mokko.pl\/wp-content\/uploads\/2025\/07\/avogate.jpg\">\n              <\/div>\n              <div class=\"u-over-slide u-over-slide-1\"><\/div>\n            <\/div>\n            <div class=\"u-carousel-item u-gallery-item u-carousel-item-2\">\n              <div class=\"u-back-slide\" data-image-width=\"879\" data-image-height=\"615\">\n                <img decoding=\"async\" class=\"u-back-image u-expanded u-image-contain\" src=\"https:\/\/mokko.pl\/wp-content\/uploads\/2025\/07\/AVOCONTROL_button.jpg\">\n              <\/div>\n              <div class=\"u-over-slide u-over-slide-2\"><\/div>\n            <\/div>\n            <div class=\"u-carousel-item u-gallery-item u-carousel-item-3\" data-image-width=\"1315\" data-image-height=\"1686\">\n              <div class=\"u-back-slide\">\n                <img decoding=\"async\" class=\"u-back-image u-expanded u-image-contain\" src=\"https:\/\/mokko.pl\/wp-content\/uploads\/2025\/07\/AVODOOR_Image.jpg\">\n              <\/div>\n              <div class=\"u-over-slide u-over-slide-3\"><\/div>\n              <style data-mode=\"XL\"><\/style>\n              <style data-mode=\"LG\"><\/style>\n              <style data-mode=\"MD\"><\/style>\n              <style data-mode=\"SM\"><\/style>\n              <style data-mode=\"XS\" data-visited=\"true\"><\/style>\n            <\/div>\n          <\/div>\n          <a class=\"u-absolute-vcenter u-carousel-control u-carousel-control-prev u-grey-70 u-icon-circle u-opacity u-opacity-70 u-spacing-10 u-text-white u-carousel-control-1\" href=\"#carousel-b3f6\" role=\"button\" data-u-slide=\"prev\"><span aria-hidden=\"true\">\n              <svg viewBox=\"0 0 451.847 451.847\"><path d=\"M97.141,225.92c0-8.095,3.091-16.192,9.259-22.366L300.689,9.27c12.359-12.359,32.397-12.359,44.751,0\nc12.354,12.354,12.354,32.388,0,44.748L173.525,225.92l171.903,171.909c12.354,12.354,12.354,32.391,0,44.744\nc-12.354,12.365-32.386,12.365-44.745,0l-194.29-194.281C100.226,242.115,97.141,234.018,97.141,225.92z\"><\/path><\/svg><\/span><span class=\"sr-only\">\n              <svg viewBox=\"0 0 451.847 451.847\"><path d=\"M97.141,225.92c0-8.095,3.091-16.192,9.259-22.366L300.689,9.27c12.359-12.359,32.397-12.359,44.751,0\nc12.354,12.354,12.354,32.388,0,44.748L173.525,225.92l171.903,171.909c12.354,12.354,12.354,32.391,0,44.744\nc-12.354,12.365-32.386,12.365-44.745,0l-194.29-194.281C100.226,242.115,97.141,234.018,97.141,225.92z\"><\/path><\/svg><\/span>\n          <\/a>\n          <a class=\"u-absolute-vcenter u-carousel-control u-carousel-control-next u-grey-70 u-icon-circle u-opacity u-opacity-70 u-spacing-10 u-text-white u-carousel-control-2\" href=\"#carousel-b3f6\" role=\"button\" data-u-slide=\"next\"><span aria-hidden=\"true\">\n              <svg viewBox=\"0 0 451.846 451.847\"><path d=\"M345.441,248.292L151.154,442.573c-12.359,12.365-32.397,12.365-44.75,0c-12.354-12.354-12.354-32.391,0-44.744\nL278.318,225.92L106.409,54.017c-12.354-12.359-12.354-32.394,0-44.748c12.354-12.359,32.391-12.359,44.75,0l194.287,194.284\nc6.177,6.18,9.262,14.271,9.262,22.366C354.708,234.018,351.617,242.115,345.441,248.292z\"><\/path><\/svg><\/span><span class=\"sr-only\">\n              <svg viewBox=\"0 0 451.846 451.847\"><path d=\"M345.441,248.292L151.154,442.573c-12.359,12.365-32.397,12.365-44.75,0c-12.354-12.354-12.354-32.391,0-44.744\nL278.318,225.92L106.409,54.017c-12.354-12.359-12.354-32.394,0-44.748c12.354-12.359,32.391-12.359,44.75,0l194.287,194.284\nc6.177,6.18,9.262,14.271,9.262,22.366C354.708,234.018,351.617,242.115,345.441,248.292z\"><\/path><\/svg><\/span>\n          <\/a>\n        <\/div>\n        <p class=\"u-text u-text-default u-text-1\">Bramy segmentowe AVO to doskona\u0142y wyb\u00f3r dla ka\u017cdego, kto ceni sobie funkcjonalno\u015b\u0107, estetyk\u0119 oraz wysoki standard bezpiecze\u0144stwa. Idealnie sprawdzaj\u0105 si\u0119 zar\u00f3wno w domach prywatnych, gara\u017cach wolnostoj\u0105cych, jak i w przestrzeniach przemys\u0142owych czy magazynowych. Wysoka jako\u015b\u0107 materia\u0142\u00f3w i precyzyjne wykonanie gwarantuj\u0105 doskona\u0142\u0105 izolacyjno\u015b\u0107 ciepln\u0105 i minimalizuj\u0105 utrat\u0119 ciep\u0142a, co przyczynia si\u0119 do utrzymania sta\u0142ej temperatury w gara\u017cu. <br>\n          <br><span style=\"font-weight: 700;\">Bezpiecze\u0144stwo i dodatkowe akcesoria&nbsp;<\/span>\n          <br>\n          <br>Dla zwi\u0119kszenia komfortu i ochrony u\u017cytkownik\u00f3w oferujemy szerok\u0105 gam\u0119 praktycznych akcesori\u00f3w do bram segmentowych AVO: <br> drzwi serwisowe, przeszklenia, klamki i uchwyty, <br> piloty do zdalnego sterowania, <br> lampy ostrzegawcze, fotokom\u00f3rki oraz kurtyny \u015bwietlne. <br> Rozwi\u0105zania te pozwalaj\u0105 dopasowa\u0107 bram\u0119 do indywidualnych potrzeb \u2013 zar\u00f3wno pod k\u0105tem funkcjonalno\u015bci, jak i designu. Wybieraj\u0105c AVO, stawiasz na bezpiecze\u0144stwo, niezawodno\u015b\u0107 i wygod\u0119 u\u017cytkowania.<br>\n          <br>T<span style=\"font-weight: 700;\">rwa\u0142o\u015b\u0107 i elegancja na lata<\/span>\n          <br>\n          <br>Bramy segmentowe AVO to idealne po\u0142\u0105czenie funkcjonalno\u015bci i stylu. Dzi\u0119ki solidnej konstrukcji i starannie dobranym materia\u0142om oferuj\u0105:\nwysok\u0105 trwa\u0142o\u015b\u0107 na d\u0142ugie lata, <br> niezawodne dzia\u0142anie nawet przy intensywnym u\u017cytkowaniu, <br> popraw\u0119 izolacyjno\u015bci termicznej budynku. <br> Estetyczny wygl\u0105d bram doskonale komponuje si\u0119 z elewacj\u0105 nowoczesnych i klasycznych dom\u00f3w, nadaj\u0105c im sp\u00f3jny i elegancki charakter.\n&#x2699;&#xfe0f; Nowoczesno\u015b\u0107 i wygoda na co dzie\u0144\nNasze bramy segmentowe s\u0105:\n\u0142atwe w obs\u0142udze \u2013 dost\u0119pne z automatycznym nap\u0119dem i pilotem, <br> ciche i bezpieczne \u2013 dzi\u0119ki wysokiej jako\u015bci prowadnicom i spr\u0119\u017cynom, <br> niezawodne \u2013 przystosowane do pracy w warunkach domowych i przemys\u0142owych. <br> Zastosowanie nowoczesnych si\u0142ownik\u00f3w i inteligentnych system\u00f3w automatyki sprawia, \u017ce korzystanie z bramy staje si\u0119 maksymalnie komfortowe i bezproblemowe.&nbsp;<br>\n          <br><span style=\"font-weight: 700;\">N<\/span><span style=\"font-weight: 700;\">ieograniczone mo\u017cliwo\u015bci kolorystyczne&nbsp;<\/span>\n          <br>\n          <br>Wyb\u00f3r odpowiedniego koloru bramy gara\u017cowej nigdy nie by\u0142 prostszy. AVO oferuje:\nponad 200 kolor\u00f3w z palety RAL (r\u00f3wnie\u017c lakierowanie strukturalne), 25 dekor\u00f3w w odcieniach drewna i strukturze naturalnych materia\u0142\u00f3w, 1950 kolor\u00f3w NCS (Natural Color System) \u2013 dla najbardziej wymagaj\u0105cych klient\u00f3w, z gwarancj\u0105 trwa\u0142o\u015bci i odporno\u015bci na UV. <br> Dzi\u0119ki tak bogatej palecie barw bez trudu dopasujesz bram\u0119 do elewacji budynku oraz innych element\u00f3w stolarki okiennej i drzwiowej.\n        <\/p>\n      <\/div>\n    <\/section>\n    \n    \n    \n  \n<\/div>","protected":false},"excerpt":{"rendered":"<p>Bramy segmentowe AVO to doskona\u0142y wyb\u00f3r dla ka\u017cdego, kto ceni sobie funkcjonalno\u015b\u0107, estetyk\u0119 oraz wysoki standard bezpiecze\u0144stwa. Idealnie sprawdzaj\u0105 si\u0119 zar\u00f3wno w domach prywatnych, gara\u017cach wolnostoj\u0105cych, jak i w przestrzeniach przemys\u0142owych czy magazynowych. Wysoka jako\u015b\u0107 materia\u0142\u00f3w i precyzyjne wykonanie gwarantuj\u0105 doskona\u0142\u0105 izolacyjno\u015b\u0107 ciepln\u0105 i minimalizuj\u0105 utrat\u0119 ciep\u0142a, co przyczynia si\u0119 do utrzymania sta\u0142ej temperatury w [&hellip;]<\/p>\n","protected":false},"author":1,"featured_media":0,"parent":0,"menu_order":0,"comment_status":"closed","ping_status":"closed","template":"","meta":{"footnotes":""},"class_list":["post-251","page","type-page","status-publish","hentry"],"yoast_head":"<!-- This site is optimized with the Yoast SEO plugin v25.2 - https:\/\/yoast.com\/wordpress\/plugins\/seo\/ -->\n<title>AVO - Mokko<\/title>\n<meta name=\"robots\" content=\"index, follow, max-snippet:-1, max-image-preview:large, max-video-preview:-1\" \/>\n<link rel=\"canonical\" href=\"https:\/\/mokko.pl\/?page_id=251\" \/>\n<meta property=\"og:locale\" content=\"pl_PL\" \/>\n<meta property=\"og:type\" content=\"article\" \/>\n<meta property=\"og:title\" content=\"AVO - Mokko\" \/>\n<meta property=\"og:description\" content=\"Bramy segmentowe AVO to doskona\u0142y wyb\u00f3r dla ka\u017cdego, kto ceni sobie funkcjonalno\u015b\u0107, estetyk\u0119 oraz wysoki standard bezpiecze\u0144stwa. Idealnie sprawdzaj\u0105 si\u0119 zar\u00f3wno w domach prywatnych, gara\u017cach wolnostoj\u0105cych, jak i w przestrzeniach przemys\u0142owych czy magazynowych. Wysoka jako\u015b\u0107 materia\u0142\u00f3w i precyzyjne wykonanie gwarantuj\u0105 doskona\u0142\u0105 izolacyjno\u015b\u0107 ciepln\u0105 i minimalizuj\u0105 utrat\u0119 ciep\u0142a, co przyczynia si\u0119 do utrzymania sta\u0142ej temperatury w [&hellip;]\" \/>\n<meta property=\"og:url\" content=\"https:\/\/mokko.pl\/?page_id=251\" \/>\n<meta property=\"og:site_name\" content=\"Mokko\" \/>\n<meta property=\"article:modified_time\" content=\"2025-08-08T08:12:35+00:00\" \/>\n<meta name=\"twitter:card\" content=\"summary_large_image\" \/>\n<meta name=\"twitter:label1\" content=\"Szacowany czas czytania\" \/>\n\t<meta name=\"twitter:data1\" content=\"2 minuty\" \/>\n<script type=\"application\/ld+json\" class=\"yoast-schema-graph\">{\"@context\":\"https:\/\/schema.org\",\"@graph\":[{\"@type\":\"WebPage\",\"@id\":\"https:\/\/mokko.pl\/?page_id=251\",\"url\":\"https:\/\/mokko.pl\/?page_id=251\",\"name\":\"AVO - Mokko\",\"isPartOf\":{\"@id\":\"https:\/\/mokko.pl\/#website\"},\"datePublished\":\"2025-07-07T11:30:08+00:00\",\"dateModified\":\"2025-08-08T08:12:35+00:00\",\"breadcrumb\":{\"@id\":\"https:\/\/mokko.pl\/?page_id=251#breadcrumb\"},\"inLanguage\":\"pl-PL\",\"potentialAction\":[{\"@type\":\"ReadAction\",\"target\":[\"https:\/\/mokko.pl\/?page_id=251\"]}]},{\"@type\":\"BreadcrumbList\",\"@id\":\"https:\/\/mokko.pl\/?page_id=251#breadcrumb\",\"itemListElement\":[{\"@type\":\"ListItem\",\"position\":1,\"name\":\"Home\",\"item\":\"https:\/\/mokko.pl\/\"},{\"@type\":\"ListItem\",\"position\":2,\"name\":\"AVO\"}]},{\"@type\":\"WebSite\",\"@id\":\"https:\/\/mokko.pl\/#website\",\"url\":\"https:\/\/mokko.pl\/\",\"name\":\"Mokko\",\"description\":\"\",\"publisher\":{\"@id\":\"https:\/\/mokko.pl\/#organization\"},\"potentialAction\":[{\"@type\":\"SearchAction\",\"target\":{\"@type\":\"EntryPoint\",\"urlTemplate\":\"https:\/\/mokko.pl\/?s={search_term_string}\"},\"query-input\":{\"@type\":\"PropertyValueSpecification\",\"valueRequired\":true,\"valueName\":\"search_term_string\"}}],\"inLanguage\":\"pl-PL\"},{\"@type\":\"Organization\",\"@id\":\"https:\/\/mokko.pl\/#organization\",\"name\":\"Mokko\",\"url\":\"https:\/\/mokko.pl\/\",\"logo\":{\"@type\":\"ImageObject\",\"inLanguage\":\"pl-PL\",\"@id\":\"https:\/\/mokko.pl\/#\/schema\/logo\/image\/\",\"url\":\"http:\/\/mokko.pl\/wp-content\/uploads\/2025\/07\/logomokko-5.png\",\"contentUrl\":\"http:\/\/mokko.pl\/wp-content\/uploads\/2025\/07\/logomokko-5.png\",\"width\":432,\"height\":122,\"caption\":\"Mokko\"},\"image\":{\"@id\":\"https:\/\/mokko.pl\/#\/schema\/logo\/image\/\"}}]}<\/script>\n<!-- \/ Yoast SEO plugin. -->","yoast_head_json":{"title":"AVO - Mokko","robots":{"index":"index","follow":"follow","max-snippet":"max-snippet:-1","max-image-preview":"max-image-preview:large","max-video-preview":"max-video-preview:-1"},"canonical":"https:\/\/mokko.pl\/?page_id=251","og_locale":"pl_PL","og_type":"article","og_title":"AVO - Mokko","og_description":"Bramy segmentowe AVO to doskona\u0142y wyb\u00f3r dla ka\u017cdego, kto ceni sobie funkcjonalno\u015b\u0107, estetyk\u0119 oraz wysoki standard bezpiecze\u0144stwa. Idealnie sprawdzaj\u0105 si\u0119 zar\u00f3wno w domach prywatnych, gara\u017cach wolnostoj\u0105cych, jak i w przestrzeniach przemys\u0142owych czy magazynowych. Wysoka jako\u015b\u0107 materia\u0142\u00f3w i precyzyjne wykonanie gwarantuj\u0105 doskona\u0142\u0105 izolacyjno\u015b\u0107 ciepln\u0105 i minimalizuj\u0105 utrat\u0119 ciep\u0142a, co przyczynia si\u0119 do utrzymania sta\u0142ej temperatury w [&hellip;]","og_url":"https:\/\/mokko.pl\/?page_id=251","og_site_name":"Mokko","article_modified_time":"2025-08-08T08:12:35+00:00","twitter_card":"summary_large_image","twitter_misc":{"Szacowany czas czytania":"2 minuty"},"schema":{"@context":"https:\/\/schema.org","@graph":[{"@type":"WebPage","@id":"https:\/\/mokko.pl\/?page_id=251","url":"https:\/\/mokko.pl\/?page_id=251","name":"AVO - Mokko","isPartOf":{"@id":"https:\/\/mokko.pl\/#website"},"datePublished":"2025-07-07T11:30:08+00:00","dateModified":"2025-08-08T08:12:35+00:00","breadcrumb":{"@id":"https:\/\/mokko.pl\/?page_id=251#breadcrumb"},"inLanguage":"pl-PL","potentialAction":[{"@type":"ReadAction","target":["https:\/\/mokko.pl\/?page_id=251"]}]},{"@type":"BreadcrumbList","@id":"https:\/\/mokko.pl\/?page_id=251#breadcrumb","itemListElement":[{"@type":"ListItem","position":1,"name":"Home","item":"https:\/\/mokko.pl\/"},{"@type":"ListItem","position":2,"name":"AVO"}]},{"@type":"WebSite","@id":"https:\/\/mokko.pl\/#website","url":"https:\/\/mokko.pl\/","name":"Mokko","description":"","publisher":{"@id":"https:\/\/mokko.pl\/#organization"},"potentialAction":[{"@type":"SearchAction","target":{"@type":"EntryPoint","urlTemplate":"https:\/\/mokko.pl\/?s={search_term_string}"},"query-input":{"@type":"PropertyValueSpecification","valueRequired":true,"valueName":"search_term_string"}}],"inLanguage":"pl-PL"},{"@type":"Organization","@id":"https:\/\/mokko.pl\/#organization","name":"Mokko","url":"https:\/\/mokko.pl\/","logo":{"@type":"ImageObject","inLanguage":"pl-PL","@id":"https:\/\/mokko.pl\/#\/schema\/logo\/image\/","url":"http:\/\/mokko.pl\/wp-content\/uploads\/2025\/07\/logomokko-5.png","contentUrl":"http:\/\/mokko.pl\/wp-content\/uploads\/2025\/07\/logomokko-5.png","width":432,"height":122,"caption":"Mokko"},"image":{"@id":"https:\/\/mokko.pl\/#\/schema\/logo\/image\/"}}]}},"_links":{"self":[{"href":"https:\/\/mokko.pl\/index.php?rest_route=\/wp\/v2\/pages\/251","targetHints":{"allow":["GET"]}}],"collection":[{"href":"https:\/\/mokko.pl\/index.php?rest_route=\/wp\/v2\/pages"}],"about":[{"href":"https:\/\/mokko.pl\/index.php?rest_route=\/wp\/v2\/types\/page"}],"author":[{"embeddable":true,"href":"https:\/\/mokko.pl\/index.php?rest_route=\/wp\/v2\/users\/1"}],"replies":[{"embeddable":true,"href":"https:\/\/mokko.pl\/index.php?rest_route=%2Fwp%2Fv2%2Fcomments&post=251"}],"version-history":[{"count":3,"href":"https:\/\/mokko.pl\/index.php?rest_route=\/wp\/v2\/pages\/251\/revisions"}],"predecessor-version":[{"id":579,"href":"https:\/\/mokko.pl\/index.php?rest_route=\/wp\/v2\/pages\/251\/revisions\/579"}],"wp:attachment":[{"href":"https:\/\/mokko.pl\/index.php?rest_route=%2Fwp%2Fv2%2Fmedia&parent=251"}],"curies":[{"name":"wp","href":"https:\/\/api.w.org\/{rel}","templated":true}]}}